{"id":12235,"date":"2020-05-28T13:53:50","date_gmt":"2020-05-28T11:53:50","guid":{"rendered":"http:\/\/develop.travelworks.local\/blog\/?page_id=12183"},"modified":"2025-09-16T10:03:02","modified_gmt":"2025-09-16T08:03:02","slug":"home","status":"publish","type":"page","link":"https:\/\/www.travelworks.de\/blog\/","title":{"rendered":"Entdecke die Welt"},"content":{"rendered":"\n<div class=\"wp-block-group alignfull\"><div class=\"wp-block-group__inner-container is-layout-flow wp-block-group-is-layout-flow\">\n<h2 class=\"wp-block-heading has-text-align-center\">Reiseberichte aus aller Welt<\/h2>\n\n\n\n<p class=\"has-text-align-center\">Hier findest du Tipps &amp; Tricks, Erfahrungsberichte, Reportagen und vieles mehr<\/p>\n<\/div><\/div>\n\n\n\n<div class=\"wp-block-group alignfull bg-gray-fullwidth\"><div class=\"wp-block-group__inner-container is-layout-flow wp-block-group-is-layout-flow\"><ul class=\"wp-block-latest-posts__list is-grid columns-3 alignwide wp-block-latest-posts\"><li><div class=\"wp-block-latest-posts__featured-image aligncenter\"><img loading=\"lazy\" decoding=\"async\" width=\"580\" height=\"193\" src=\"https:\/\/www.travelworks.de\/blog\/wp-content\/uploads\/2025\/03\/titel-bildungsurlaub-sprachreise-1024x341.jpg\" class=\"attachment-large size-large wp-post-image\" alt=\"Bildungsurlaub - Lernen und Reisen sinnvoll verbinden\" style=\"\" srcset=\"https:\/\/www.travelworks.de\/blog\/wp-content\/uploads\/2025\/03\/titel-bildungsurlaub-sprachreise-1024x341.jpg 1024w, https:\/\/www.travelworks.de\/blog\/wp-content\/uploads\/2025\/03\/titel-bildungsurlaub-sprachreise-300x100.jpg 300w, https:\/\/www.travelworks.de\/blog\/wp-content\/uploads\/2025\/03\/titel-bildungsurlaub-sprachreise-768x256.jpg 768w, https:\/\/www.travelworks.de\/blog\/wp-content\/uploads\/2025\/03\/titel-bildungsurlaub-sprachreise-1200x400.jpg 1200w, https:\/\/www.travelworks.de\/blog\/wp-content\/uploads\/2025\/03\/titel-bildungsurlaub-sprachreise.jpg 1500w\" sizes=\"auto, (max-width: 580px) 100vw, 580px\" \/><\/div><a class=\"wp-block-latest-posts__post-title\" href=\"https:\/\/www.travelworks.de\/blog\/sprachreisen-als-bildungsurlaub.html\">Eine Reise zu neuen Horizonten: Sprachreisen als Bildungsurlaub<\/a><div class=\"wp-block-latest-posts__post-excerpt\">Stell dir vor, du sitzt in einem Caf\u00e9 an der C\u00f4te d\u2019Azur, genie\u00dft ein Croissant und h\u00f6rst den besonderen Klang der franz\u00f6sischen Sprache um dich herum. Oder du wanderst durch\u2026\u00a0<a class=\"wp-block-latest-posts__read-more\" href=\"https:\/\/www.travelworks.de\/blog\/sprachreisen-als-bildungsurlaub.html\" rel=\"noopener noreferrer\"><span class=\"screen-reader-text\">Eine Reise zu neuen Horizonten: Sprachreisen als Bildungsurlaub <\/span>weiterlesen<\/a><\/div><\/li>\n<li><div class=\"wp-block-latest-posts__featured-image aligncenter\"><img loading=\"lazy\" decoding=\"async\" width=\"580\" height=\"193\" src=\"https:\/\/www.travelworks.de\/blog\/wp-content\/uploads\/2024\/08\/titelbild-reisen-winterzeit-1024x341.jpg\" class=\"attachment-large size-large wp-post-image\" alt=\"New York im Winter\" style=\"\" srcset=\"https:\/\/www.travelworks.de\/blog\/wp-content\/uploads\/2024\/08\/titelbild-reisen-winterzeit-1024x341.jpg 1024w, https:\/\/www.travelworks.de\/blog\/wp-content\/uploads\/2024\/08\/titelbild-reisen-winterzeit-300x100.jpg 300w, https:\/\/www.travelworks.de\/blog\/wp-content\/uploads\/2024\/08\/titelbild-reisen-winterzeit-768x256.jpg 768w, https:\/\/www.travelworks.de\/blog\/wp-content\/uploads\/2024\/08\/titelbild-reisen-winterzeit-1200x400.jpg 1200w, https:\/\/www.travelworks.de\/blog\/wp-content\/uploads\/2024\/08\/titelbild-reisen-winterzeit.jpg 1500w\" sizes=\"auto, (max-width: 580px) 100vw, 580px\" \/><\/div><a class=\"wp-block-latest-posts__post-title\" href=\"https:\/\/www.travelworks.de\/blog\/die-schoensten-reiseziele-in-der-winterzeit.html\">Die sch\u00f6nsten Reiseziele in der Winterzeit<\/a><div class=\"wp-block-latest-posts__post-excerpt\">Er ist hier, der Winter. Die Tage werden k\u00fcrzer und die Temperaturen frostiger. Es ist Zeit f\u00fcr Gem\u00fctlichkeit daheim, f\u00fcr Tee oder Kakao am Kamin. Aber mal ehrlich: Der Winter\u2026\u00a0<a class=\"wp-block-latest-posts__read-more\" href=\"https:\/\/www.travelworks.de\/blog\/die-schoensten-reiseziele-in-der-winterzeit.html\" rel=\"noopener noreferrer\"><span class=\"screen-reader-text\">Die sch\u00f6nsten Reiseziele in der Winterzeit <\/span>weiterlesen<\/a><\/div><\/li>\n<li><div class=\"wp-block-latest-posts__featured-image aligncenter\"><img loading=\"lazy\" decoding=\"async\" width=\"580\" height=\"193\" src=\"https:\/\/www.travelworks.de\/blog\/wp-content\/uploads\/2024\/09\/titelbild-beatrice-blog-heimweh-1024x341.png\" class=\"attachment-large size-large wp-post-image\" alt=\"Verschneite Bergkette hinter See\" style=\"\" srcset=\"https:\/\/www.travelworks.de\/blog\/wp-content\/uploads\/2024\/09\/titelbild-beatrice-blog-heimweh-1024x341.png 1024w, https:\/\/www.travelworks.de\/blog\/wp-content\/uploads\/2024\/09\/titelbild-beatrice-blog-heimweh-300x100.png 300w, https:\/\/www.travelworks.de\/blog\/wp-content\/uploads\/2024\/09\/titelbild-beatrice-blog-heimweh-768x256.png 768w, https:\/\/www.travelworks.de\/blog\/wp-content\/uploads\/2024\/09\/titelbild-beatrice-blog-heimweh-1200x400.png 1200w, https:\/\/www.travelworks.de\/blog\/wp-content\/uploads\/2024\/09\/titelbild-beatrice-blog-heimweh.png 1500w\" sizes=\"auto, (max-width: 580px) 100vw, 580px\" \/><\/div><a class=\"wp-block-latest-posts__post-title\" href=\"https:\/\/www.travelworks.de\/blog\/5-tipps-gegen-heimweh.html\">5 Tipps gegen Heimweh<\/a><div class=\"wp-block-latest-posts__post-excerpt\">Bea war f\u00fcr einen Sch\u00fcleraustausch in Neuseeland und hat ein Trimester an der Whakatane High School verbracht. Dort lebte sie auf einer kleinen Farm au\u00dferhalb der Stadt. Wie bei vielen\u2026\u00a0<a class=\"wp-block-latest-posts__read-more\" href=\"https:\/\/www.travelworks.de\/blog\/5-tipps-gegen-heimweh.html\" rel=\"noopener noreferrer\"><span class=\"screen-reader-text\">5 Tipps gegen Heimweh <\/span>weiterlesen<\/a><\/div><\/li>\n<li><div class=\"wp-block-latest-posts__featured-image aligncenter\"><img loading=\"lazy\" decoding=\"async\" width=\"580\" height=\"193\" src=\"https:\/\/www.travelworks.de\/blog\/wp-content\/uploads\/2024\/08\/Reiseapps-2-1024x341.png\" class=\"attachment-large size-large wp-post-image\" alt=\"Smartphone mit Apps\" style=\"\" srcset=\"https:\/\/www.travelworks.de\/blog\/wp-content\/uploads\/2024\/08\/Reiseapps-2-1024x341.png 1024w, https:\/\/www.travelworks.de\/blog\/wp-content\/uploads\/2024\/08\/Reiseapps-2-300x100.png 300w, https:\/\/www.travelworks.de\/blog\/wp-content\/uploads\/2024\/08\/Reiseapps-2-768x256.png 768w, https:\/\/www.travelworks.de\/blog\/wp-content\/uploads\/2024\/08\/Reiseapps-2-1200x400.png 1200w, https:\/\/www.travelworks.de\/blog\/wp-content\/uploads\/2024\/08\/Reiseapps-2.png 1500w\" sizes=\"auto, (max-width: 580px) 100vw, 580px\" \/><\/div><a class=\"wp-block-latest-posts__post-title\" href=\"https:\/\/www.travelworks.de\/blog\/die-besten-reiseapps-teil-2.html\">Die besten Reiseapps &#8211; Deine unverzichtbaren Begleiter auf Reisen (Teil 2)<\/a><div class=\"wp-block-latest-posts__post-excerpt\">Im ersten Teil dieses Blogbeitrags haben wir bereits einige n\u00fctzliche Reiseapps vorgestellt, die dir das Leben auf Reisen erheblich erleichtern k\u00f6nnen. Doch das ist noch lange nicht alles! Es gibt\u2026\u00a0<a class=\"wp-block-latest-posts__read-more\" href=\"https:\/\/www.travelworks.de\/blog\/die-besten-reiseapps-teil-2.html\" rel=\"noopener noreferrer\"><span class=\"screen-reader-text\">Die besten Reiseapps &#8211; Deine unverzichtbaren Begleiter auf Reisen (Teil 2) <\/span>weiterlesen<\/a><\/div><\/li>\n<li><div class=\"wp-block-latest-posts__featured-image aligncenter\"><img loading=\"lazy\" decoding=\"async\" width=\"580\" height=\"193\" src=\"https:\/\/www.travelworks.de\/blog\/wp-content\/uploads\/2024\/08\/Reiseapps-1-1024x341.png\" class=\"attachment-large size-large wp-post-image\" alt=\"Navigation App Handy\" style=\"\" srcset=\"https:\/\/www.travelworks.de\/blog\/wp-content\/uploads\/2024\/08\/Reiseapps-1-1024x341.png 1024w, https:\/\/www.travelworks.de\/blog\/wp-content\/uploads\/2024\/08\/Reiseapps-1-300x100.png 300w, https:\/\/www.travelworks.de\/blog\/wp-content\/uploads\/2024\/08\/Reiseapps-1-768x256.png 768w, https:\/\/www.travelworks.de\/blog\/wp-content\/uploads\/2024\/08\/Reiseapps-1-1200x400.png 1200w, https:\/\/www.travelworks.de\/blog\/wp-content\/uploads\/2024\/08\/Reiseapps-1.png 1500w\" sizes=\"auto, (max-width: 580px) 100vw, 580px\" \/><\/div><a class=\"wp-block-latest-posts__post-title\" href=\"https:\/\/www.travelworks.de\/blog\/die-besten-reiseapps-deine-unverzichtbaren-begleiter-auf-reisen-teil-1.html\">Die besten Reiseapps &#8211; Deine unverzichtbaren Begleiter auf Reisen (Teil 1)<\/a><div class=\"wp-block-latest-posts__post-excerpt\">Reisen war noch nie so einfach wie heute und das haben wir nicht zuletzt der Digitalisierung zu verdanken. Ob Flugbuchung, Stadtf\u00fchrung oder Restaurantempfehlungen \u2013 die richtigen Reiseapps machen das Leben\u2026\u00a0<a class=\"wp-block-latest-posts__read-more\" href=\"https:\/\/www.travelworks.de\/blog\/die-besten-reiseapps-deine-unverzichtbaren-begleiter-auf-reisen-teil-1.html\" rel=\"noopener noreferrer\"><span class=\"screen-reader-text\">Die besten Reiseapps &#8211; Deine unverzichtbaren Begleiter auf Reisen (Teil 1) <\/span>weiterlesen<\/a><\/div><\/li>\n<li><div class=\"wp-block-latest-posts__featured-image aligncenter\"><img loading=\"lazy\" decoding=\"async\" width=\"580\" height=\"193\" src=\"https:\/\/www.travelworks.de\/blog\/wp-content\/uploads\/2024\/06\/titelbild-blog-linus-schueleraustausch-frankreich-st-malo-1024x341.png\" class=\"attachment-large size-large wp-post-image\" alt=\"K\u00fcste Saint Malos\" style=\"\" srcset=\"https:\/\/www.travelworks.de\/blog\/wp-content\/uploads\/2024\/06\/titelbild-blog-linus-schueleraustausch-frankreich-st-malo-1024x341.png 1024w, https:\/\/www.travelworks.de\/blog\/wp-content\/uploads\/2024\/06\/titelbild-blog-linus-schueleraustausch-frankreich-st-malo-300x100.png 300w, https:\/\/www.travelworks.de\/blog\/wp-content\/uploads\/2024\/06\/titelbild-blog-linus-schueleraustausch-frankreich-st-malo-768x256.png 768w, https:\/\/www.travelworks.de\/blog\/wp-content\/uploads\/2024\/06\/titelbild-blog-linus-schueleraustausch-frankreich-st-malo-1200x400.png 1200w, https:\/\/www.travelworks.de\/blog\/wp-content\/uploads\/2024\/06\/titelbild-blog-linus-schueleraustausch-frankreich-st-malo.png 1500w\" sizes=\"auto, (max-width: 580px) 100vw, 580px\" \/><\/div><a class=\"wp-block-latest-posts__post-title\" href=\"https:\/\/www.travelworks.de\/blog\/schueleraustausch-in-frankreich.html\">Mein Abenteuer in St. Malo, Frankreich: Ein Sch\u00fcleraustauschbericht\u00a0<\/a><div class=\"wp-block-latest-posts__post-excerpt\">F\u00fcr Linus begann das Abenteuer mit einem spontanen Entschluss: Ein Sch\u00fcleraustausch f\u00fchrte ihn nach St. Malo in Frankreich. In seinem Blog-Beitrag teilt er mit dir, was ihn dort erwartete. Von\u2026\u00a0<a class=\"wp-block-latest-posts__read-more\" href=\"https:\/\/www.travelworks.de\/blog\/schueleraustausch-in-frankreich.html\" rel=\"noopener noreferrer\"><span class=\"screen-reader-text\">Mein Abenteuer in St. Malo, Frankreich: Ein Sch\u00fcleraustauschbericht\u00a0 <\/span>weiterlesen<\/a><\/div><\/li>\n<\/ul><\/div><\/div>\n\n\n\n<div class=\"wp-block-cover alignfull is-light has-parallax\" style=\"min-height:300px;aspect-ratio:unset;\"><div class=\"wp-block-cover__image-background wp-image-12313 has-parallax\" style=\"background-position:50% 50%;background-image:url(https:\/\/www.travelworks.de\/blog\/wp-content\/uploads\/2020\/09\/kyle-cut-media-hzR9rDXWbqo-unsplash.jpg)\"><\/div><span aria-hidden=\"true\" class=\"wp-block-cover__background has-background-dim\"><\/span><div class=\"wp-block-cover__inner-container is-layout-flow wp-block-cover-is-layout-flow\">\n<div class=\"wp-block-columns is-layout-flex wp-container-corecolumns-is-layout-9d6595d7 wp-block-columns-is-layout-flex\">\n<div class=\"wp-block-column is-layout-flow wp-block-column-is-layout-flow\" style=\"flex-basis:50%\">\n<h4 class=\"wp-block-heading has-text-align-left\">Erlebe die Welt mit TravelWorks<\/h4>\n\n\n\n<p class=\"has-text-align-left\">Sprachreisen, Work &amp; Travel, Sch\u00fcleraustausch, Au Pair, Erlebnisreisen und mehr<\/p>\n<\/div>\n\n\n\n<div class=\"wp-block-column is-layout-flow wp-block-column-is-layout-flow\">\n<div class=\"wp-block-buttons is-layout-flex wp-block-buttons-is-layout-flex\">\n<div class=\"wp-block-button\"><a class=\"wp-block-button__link has-primary-color has-text-color has-background wp-element-button\" href=\"https:\/\/www.travelworks.de\" style=\"border-radius:15px;background-color:#ffd302\" target=\"_blank\" rel=\"noreferrer noopener\">Jetzt Programme Entdecken<\/a><\/div>\n<\/div>\n\n\n\n<p><\/p>\n<\/div>\n<\/div>\n\n\n\n<p><\/p>\n<\/div><\/div>\n\n\n\n<p><\/p>\n","protected":false},"excerpt":{"rendered":"<p>Reiseberichte aus aller Welt Hier findest du Tipps &amp; Tricks, Erfahrungsberichte, Reportagen und vieles mehr<\/p>\n","protected":false},"author":23,"featured_media":12287,"parent":0,"menu_order":0,"comment_status":"closed","ping_status":"closed","template":"templates\/template-cover.php","meta":{"footnotes":""},"class_list":["post-12235","page","type-page","status-publish","has-post-thumbnail","hentry"],"yoast_head":"<!-- This site is optimized with the Yoast SEO plugin v27.4 - https:\/\/yoast.com\/product\/yoast-seo-wordpress\/ -->\n<title>Entdecke die Welt - Entdecker Blog<\/title>\n<meta name=\"robots\" content=\"index, follow, max-snippet:-1, max-image-preview:large, max-video-preview:-1\" \/>\n<link rel=\"canonical\" href=\"https:\/\/www.travelworks.de\/blog\/\" \/>\n<meta property=\"og:locale\" content=\"de_DE\" \/>\n<meta property=\"og:type\" content=\"article\" \/>\n<meta property=\"og:title\" content=\"Entdecke die Welt - Entdecker Blog\" \/>\n<meta property=\"og:description\" content=\"Reiseberichte aus aller Welt Hier findest du Tipps &amp; Tricks, Erfahrungsberichte, Reportagen und vieles mehr\" \/>\n<meta property=\"og:url\" content=\"https:\/\/www.travelworks.de\/blog\/\" \/>\n<meta property=\"og:site_name\" content=\"Entdecker Blog\" \/>\n<meta property=\"article:publisher\" content=\"https:\/\/de-de.facebook.com\/travelworks\" \/>\n<meta property=\"article:modified_time\" content=\"2025-09-16T08:03:02+00:00\" \/>\n<meta property=\"og:image\" content=\"https:\/\/www.travelworks.de\/blog\/wp-content\/uploads\/2020\/09\/stacie-lucas-mXX4go2Uhek-unsplash-2.jpg\" \/>\n\t<meta property=\"og:image:width\" content=\"1920\" \/>\n\t<meta property=\"og:image:height\" content=\"1080\" \/>\n\t<meta property=\"og:image:type\" content=\"image\/jpeg\" \/>\n<meta name=\"twitter:label1\" content=\"Gesch\u00e4tzte Lesezeit\" \/>\n\t<meta name=\"twitter:data1\" content=\"1\u00a0Minute\" \/>\n<script type=\"application\/ld+json\" class=\"yoast-schema-graph\">{\"@context\":\"https:\\\/\\\/schema.org\",\"@graph\":[{\"@type\":\"WebPage\",\"@id\":\"https:\\\/\\\/www.travelworks.de\\\/blog\\\/\",\"url\":\"https:\\\/\\\/www.travelworks.de\\\/blog\\\/\",\"name\":\"Entdecke die Welt - Entdecker Blog\",\"isPartOf\":{\"@id\":\"https:\\\/\\\/www.travelworks.de\\\/blog\\\/#website\"},\"primaryImageOfPage\":{\"@id\":\"https:\\\/\\\/www.travelworks.de\\\/blog\\\/#primaryimage\"},\"image\":{\"@id\":\"https:\\\/\\\/www.travelworks.de\\\/blog\\\/#primaryimage\"},\"thumbnailUrl\":\"https:\\\/\\\/www.travelworks.de\\\/blog\\\/wp-content\\\/uploads\\\/2020\\\/09\\\/stacie-lucas-mXX4go2Uhek-unsplash-2.jpg\",\"datePublished\":\"2020-05-28T11:53:50+00:00\",\"dateModified\":\"2025-09-16T08:03:02+00:00\",\"breadcrumb\":{\"@id\":\"https:\\\/\\\/www.travelworks.de\\\/blog\\\/#breadcrumb\"},\"inLanguage\":\"de\",\"potentialAction\":[{\"@type\":\"ReadAction\",\"target\":[\"https:\\\/\\\/www.travelworks.de\\\/blog\\\/\"]}]},{\"@type\":\"ImageObject\",\"inLanguage\":\"de\",\"@id\":\"https:\\\/\\\/www.travelworks.de\\\/blog\\\/#primaryimage\",\"url\":\"https:\\\/\\\/www.travelworks.de\\\/blog\\\/wp-content\\\/uploads\\\/2020\\\/09\\\/stacie-lucas-mXX4go2Uhek-unsplash-2.jpg\",\"contentUrl\":\"https:\\\/\\\/www.travelworks.de\\\/blog\\\/wp-content\\\/uploads\\\/2020\\\/09\\\/stacie-lucas-mXX4go2Uhek-unsplash-2.jpg\",\"width\":1920,\"height\":1080,\"caption\":\"Kalbarri Rocks, Australia\"},{\"@type\":\"BreadcrumbList\",\"@id\":\"https:\\\/\\\/www.travelworks.de\\\/blog\\\/#breadcrumb\",\"itemListElement\":[{\"@type\":\"ListItem\",\"position\":1,\"name\":\"Start\",\"item\":\"https:\\\/\\\/www.travelworks.de\\\/blog\\\/\"},{\"@type\":\"ListItem\",\"position\":2,\"name\":\"Entdecke die Welt\"}]},{\"@type\":\"WebSite\",\"@id\":\"https:\\\/\\\/www.travelworks.de\\\/blog\\\/#website\",\"url\":\"https:\\\/\\\/www.travelworks.de\\\/blog\\\/\",\"name\":\"Entdecker Blog\",\"description\":\"by TravelWorks\",\"publisher\":{\"@id\":\"https:\\\/\\\/www.travelworks.de\\\/blog\\\/#organization\"},\"potentialAction\":[{\"@type\":\"SearchAction\",\"target\":{\"@type\":\"EntryPoint\",\"urlTemplate\":\"https:\\\/\\\/www.travelworks.de\\\/blog\\\/?s={search_term_string}\"},\"query-input\":{\"@type\":\"PropertyValueSpecification\",\"valueRequired\":true,\"valueName\":\"search_term_string\"}}],\"inLanguage\":\"de\"},{\"@type\":\"Organization\",\"@id\":\"https:\\\/\\\/www.travelworks.de\\\/blog\\\/#organization\",\"name\":\"Travelplus Group GmbH\",\"url\":\"https:\\\/\\\/www.travelworks.de\\\/blog\\\/\",\"logo\":{\"@type\":\"ImageObject\",\"inLanguage\":\"de\",\"@id\":\"https:\\\/\\\/www.travelworks.de\\\/blog\\\/#\\\/schema\\\/logo\\\/image\\\/\",\"url\":\"https:\\\/\\\/www.travelworks.de\\\/blog\\\/wp-content\\\/uploads\\\/2023\\\/02\\\/TravelWorks-Logo-farbig_pfad_0-20-100-0.png\",\"contentUrl\":\"https:\\\/\\\/www.travelworks.de\\\/blog\\\/wp-content\\\/uploads\\\/2023\\\/02\\\/TravelWorks-Logo-farbig_pfad_0-20-100-0.png\",\"width\":6503,\"height\":1090,\"caption\":\"Travelplus Group GmbH\"},\"image\":{\"@id\":\"https:\\\/\\\/www.travelworks.de\\\/blog\\\/#\\\/schema\\\/logo\\\/image\\\/\"},\"sameAs\":[\"https:\\\/\\\/de-de.facebook.com\\\/travelworks\"]}]}<\/script>\n<!-- \/ Yoast SEO plugin. -->","yoast_head_json":{"title":"Entdecke die Welt - Entdecker Blog","robots":{"index":"index","follow":"follow","max-snippet":"max-snippet:-1","max-image-preview":"max-image-preview:large","max-video-preview":"max-video-preview:-1"},"canonical":"https:\/\/www.travelworks.de\/blog\/","og_locale":"de_DE","og_type":"article","og_title":"Entdecke die Welt - Entdecker Blog","og_description":"Reiseberichte aus aller Welt Hier findest du Tipps &amp; Tricks, Erfahrungsberichte, Reportagen und vieles mehr","og_url":"https:\/\/www.travelworks.de\/blog\/","og_site_name":"Entdecker Blog","article_publisher":"https:\/\/de-de.facebook.com\/travelworks","article_modified_time":"2025-09-16T08:03:02+00:00","og_image":[{"width":1920,"height":1080,"url":"https:\/\/www.travelworks.de\/blog\/wp-content\/uploads\/2020\/09\/stacie-lucas-mXX4go2Uhek-unsplash-2.jpg","type":"image\/jpeg"}],"twitter_misc":{"Gesch\u00e4tzte Lesezeit":"1\u00a0Minute"},"schema":{"@context":"https:\/\/schema.org","@graph":[{"@type":"WebPage","@id":"https:\/\/www.travelworks.de\/blog\/","url":"https:\/\/www.travelworks.de\/blog\/","name":"Entdecke die Welt - Entdecker Blog","isPartOf":{"@id":"https:\/\/www.travelworks.de\/blog\/#website"},"primaryImageOfPage":{"@id":"https:\/\/www.travelworks.de\/blog\/#primaryimage"},"image":{"@id":"https:\/\/www.travelworks.de\/blog\/#primaryimage"},"thumbnailUrl":"https:\/\/www.travelworks.de\/blog\/wp-content\/uploads\/2020\/09\/stacie-lucas-mXX4go2Uhek-unsplash-2.jpg","datePublished":"2020-05-28T11:53:50+00:00","dateModified":"2025-09-16T08:03:02+00:00","breadcrumb":{"@id":"https:\/\/www.travelworks.de\/blog\/#breadcrumb"},"inLanguage":"de","potentialAction":[{"@type":"ReadAction","target":["https:\/\/www.travelworks.de\/blog\/"]}]},{"@type":"ImageObject","inLanguage":"de","@id":"https:\/\/www.travelworks.de\/blog\/#primaryimage","url":"https:\/\/www.travelworks.de\/blog\/wp-content\/uploads\/2020\/09\/stacie-lucas-mXX4go2Uhek-unsplash-2.jpg","contentUrl":"https:\/\/www.travelworks.de\/blog\/wp-content\/uploads\/2020\/09\/stacie-lucas-mXX4go2Uhek-unsplash-2.jpg","width":1920,"height":1080,"caption":"Kalbarri Rocks, Australia"},{"@type":"BreadcrumbList","@id":"https:\/\/www.travelworks.de\/blog\/#breadcrumb","itemListElement":[{"@type":"ListItem","position":1,"name":"Start","item":"https:\/\/www.travelworks.de\/blog\/"},{"@type":"ListItem","position":2,"name":"Entdecke die Welt"}]},{"@type":"WebSite","@id":"https:\/\/www.travelworks.de\/blog\/#website","url":"https:\/\/www.travelworks.de\/blog\/","name":"Entdecker Blog","description":"by TravelWorks","publisher":{"@id":"https:\/\/www.travelworks.de\/blog\/#organization"},"potentialAction":[{"@type":"SearchAction","target":{"@type":"EntryPoint","urlTemplate":"https:\/\/www.travelworks.de\/blog\/?s={search_term_string}"},"query-input":{"@type":"PropertyValueSpecification","valueRequired":true,"valueName":"search_term_string"}}],"inLanguage":"de"},{"@type":"Organization","@id":"https:\/\/www.travelworks.de\/blog\/#organization","name":"Travelplus Group GmbH","url":"https:\/\/www.travelworks.de\/blog\/","logo":{"@type":"ImageObject","inLanguage":"de","@id":"https:\/\/www.travelworks.de\/blog\/#\/schema\/logo\/image\/","url":"https:\/\/www.travelworks.de\/blog\/wp-content\/uploads\/2023\/02\/TravelWorks-Logo-farbig_pfad_0-20-100-0.png","contentUrl":"https:\/\/www.travelworks.de\/blog\/wp-content\/uploads\/2023\/02\/TravelWorks-Logo-farbig_pfad_0-20-100-0.png","width":6503,"height":1090,"caption":"Travelplus Group GmbH"},"image":{"@id":"https:\/\/www.travelworks.de\/blog\/#\/schema\/logo\/image\/"},"sameAs":["https:\/\/de-de.facebook.com\/travelworks"]}]}},"_links":{"self":[{"href":"https:\/\/www.travelworks.de\/blog\/wp-json\/wp\/v2\/pages\/12235","targetHints":{"allow":["GET"]}}],"collection":[{"href":"https:\/\/www.travelworks.de\/blog\/wp-json\/wp\/v2\/pages"}],"about":[{"href":"https:\/\/www.travelworks.de\/blog\/wp-json\/wp\/v2\/types\/page"}],"author":[{"embeddable":true,"href":"https:\/\/www.travelworks.de\/blog\/wp-json\/wp\/v2\/users\/23"}],"replies":[{"embeddable":true,"href":"https:\/\/www.travelworks.de\/blog\/wp-json\/wp\/v2\/comments?post=12235"}],"version-history":[{"count":4,"href":"https:\/\/www.travelworks.de\/blog\/wp-json\/wp\/v2\/pages\/12235\/revisions"}],"predecessor-version":[{"id":14639,"href":"https:\/\/www.travelworks.de\/blog\/wp-json\/wp\/v2\/pages\/12235\/revisions\/14639"}],"wp:featuredmedia":[{"embeddable":true,"href":"https:\/\/www.travelworks.de\/blog\/wp-json\/wp\/v2\/media\/12287"}],"wp:attachment":[{"href":"https:\/\/www.travelworks.de\/blog\/wp-json\/wp\/v2\/media?parent=12235"}],"curies":[{"name":"wp","href":"https:\/\/api.w.org\/{rel}","templated":true}]}}