{"id":12238,"date":"2020-06-17T12:22:05","date_gmt":"2020-06-17T10:22:05","guid":{"rendered":"http:\/\/develop.travelworks.local\/blog\/?page_id=12220"},"modified":"2025-09-22T09:55:36","modified_gmt":"2025-09-22T07:55:36","slug":"reiseziele","status":"publish","type":"page","link":"https:\/\/www.travelworks.de\/blog\/reiseziele.html","title":{"rendered":"Reiseziele"},"content":{"rendered":"\n<div class=\"wp-block-group\"><div class=\"wp-block-group__inner-container is-layout-flow wp-block-group-is-layout-flow\">\n<p><\/p>\n\n\n\n<p class=\"has-text-align-center\"><strong>Entdecke Orte, die dich begeistern<\/strong><\/p>\n\n\n\n<p class=\"has-text-align-center\">Ob Au Pair, Auslandspraktikum, Bildungsurlaub, Erlebnisreisen, Freiwilligenarbeit, Sprachreisen oder Work &amp; Travel \u2013 es gibt viele Wege, die Welt auf ganz besondere Art zu entdecken. Jede Reiseart er\u00f6ffnet dir neue Perspektiven, Erfahrungen und Begegnungen. Die M\u00f6glichkeiten sind dabei so vielf\u00e4ltig wie die Erde selbst: von den Kulturen <a href=\"https:\/\/www.travelworks.de\/blog\/reiseziele\/reiseberichte-afrika\">Afrikas<\/a> und <a href=\"https:\/\/www.travelworks.de\/blog\/reiseziele\/asien.html\">Asiens<\/a> \u00fcber die Geschichte <a href=\"http:\/\/Europa\">Europas<\/a>, die Weiten <a href=\"https:\/\/www.travelworks.de\/blog\/reiseziele\/nordamerika.html\">Nordamerikas<\/a> und <a href=\"https:\/\/www.travelworks.de\/blog\/reiseziele\/ozeanien.html\">Ozeaniens<\/a> bis hin zu den faszinierenden Landschaften <a href=\"https:\/\/www.travelworks.de\/blog\/reiseziele\/suedamerika.html\">S\u00fcdamerikas<\/a>.<\/p>\n<\/div><\/div>\n\n\n\n<hr class=\"wp-block-separator has-css-opacity\"\/>\n\n\n\n<h2 class=\"wp-block-heading has-text-align-center\">Berichte nach Kategorien<\/h2>\n\n\n\n<div class=\"wp-block-columns is-layout-flex wp-container-corecolumns-is-layout-9d6595d7 wp-block-columns-is-layout-flex\">\n<div class=\"wp-block-column is-layout-flow wp-block-column-is-layout-flow\">\n<figure class=\"wp-block-image size-full\"><a href=\"https:\/\/www.travelworks.de\/blog\/wp-content\/uploads\/2025\/09\/Afrika.jpg\"><img loading=\"lazy\" decoding=\"async\" width=\"1000\" height=\"800\" src=\"https:\/\/www.travelworks.de\/blog\/wp-content\/uploads\/2025\/09\/Afrika.jpg\" alt=\"\" class=\"wp-image-14671\" srcset=\"https:\/\/www.travelworks.de\/blog\/wp-content\/uploads\/2025\/09\/Afrika.jpg 1000w, https:\/\/www.travelworks.de\/blog\/wp-content\/uploads\/2025\/09\/Afrika-300x240.jpg 300w, https:\/\/www.travelworks.de\/blog\/wp-content\/uploads\/2025\/09\/Afrika-768x614.jpg 768w\" sizes=\"auto, (max-width: 1000px) 100vw, 1000px\" \/><\/a><\/figure>\n\n\n\n<p class=\"has-text-align-center\"><strong><a href=\"https:\/\/www.travelworks.de\/blog\/reiseziele\/afrika.html\">Afrika<\/a><\/strong><\/p>\n<\/div>\n\n\n\n<div class=\"wp-block-column is-layout-flow wp-block-column-is-layout-flow\">\n<figure class=\"wp-block-image size-full\"><a href=\"https:\/\/www.travelworks.de\/blog\/wp-content\/uploads\/2025\/09\/Asien.jpg\"><img loading=\"lazy\" decoding=\"async\" width=\"1000\" height=\"800\" src=\"https:\/\/www.travelworks.de\/blog\/wp-content\/uploads\/2025\/09\/Asien.jpg\" alt=\"\" class=\"wp-image-14677\" srcset=\"https:\/\/www.travelworks.de\/blog\/wp-content\/uploads\/2025\/09\/Asien.jpg 1000w, https:\/\/www.travelworks.de\/blog\/wp-content\/uploads\/2025\/09\/Asien-300x240.jpg 300w, https:\/\/www.travelworks.de\/blog\/wp-content\/uploads\/2025\/09\/Asien-768x614.jpg 768w\" sizes=\"auto, (max-width: 1000px) 100vw, 1000px\" \/><\/a><\/figure>\n\n\n\n<p class=\"has-text-align-center\"><strong><a href=\"https:\/\/www.travelworks.de\/blog\/reiseziele\/asien.html\">Asien<\/a><\/strong><\/p>\n<\/div>\n\n\n\n<div class=\"wp-block-column is-layout-flow wp-block-column-is-layout-flow\">\n<figure class=\"wp-block-image size-full\"><a href=\"https:\/\/www.travelworks.de\/blog\/wp-content\/uploads\/2025\/09\/Europa.jpg\"><img loading=\"lazy\" decoding=\"async\" width=\"1000\" height=\"800\" src=\"https:\/\/www.travelworks.de\/blog\/wp-content\/uploads\/2025\/09\/Europa.jpg\" alt=\"\" class=\"wp-image-14676\" srcset=\"https:\/\/www.travelworks.de\/blog\/wp-content\/uploads\/2025\/09\/Europa.jpg 1000w, https:\/\/www.travelworks.de\/blog\/wp-content\/uploads\/2025\/09\/Europa-300x240.jpg 300w, https:\/\/www.travelworks.de\/blog\/wp-content\/uploads\/2025\/09\/Europa-768x614.jpg 768w\" sizes=\"auto, (max-width: 1000px) 100vw, 1000px\" \/><\/a><\/figure>\n\n\n\n<p class=\"has-text-align-center\"><strong><a href=\"https:\/\/www.travelworks.de\/blog\/reiseziele\/europa.html\">Europa<\/a><\/strong><br><\/p>\n<\/div>\n<\/div>\n\n\n\n<div class=\"wp-block-columns is-layout-flex wp-container-corecolumns-is-layout-9d6595d7 wp-block-columns-is-layout-flex\">\n<div class=\"wp-block-column is-layout-flow wp-block-column-is-layout-flow\">\n<div class=\"wp-block-columns is-layout-flex wp-container-corecolumns-is-layout-9d6595d7 wp-block-columns-is-layout-flex\">\n<div class=\"wp-block-column is-layout-flow wp-block-column-is-layout-flow\">\n<figure class=\"wp-block-image size-full\"><a href=\"https:\/\/www.travelworks.de\/blog\/wp-content\/uploads\/2025\/09\/Nordamerika.jpg\"><img loading=\"lazy\" decoding=\"async\" width=\"1000\" height=\"800\" src=\"https:\/\/www.travelworks.de\/blog\/wp-content\/uploads\/2025\/09\/Nordamerika.jpg\" alt=\"\" class=\"wp-image-14674\" srcset=\"https:\/\/www.travelworks.de\/blog\/wp-content\/uploads\/2025\/09\/Nordamerika.jpg 1000w, https:\/\/www.travelworks.de\/blog\/wp-content\/uploads\/2025\/09\/Nordamerika-300x240.jpg 300w, https:\/\/www.travelworks.de\/blog\/wp-content\/uploads\/2025\/09\/Nordamerika-768x614.jpg 768w\" sizes=\"auto, (max-width: 1000px) 100vw, 1000px\" \/><\/a><\/figure>\n\n\n\n<p class=\"has-text-align-center\"><strong><a href=\"https:\/\/www.travelworks.de\/blog\/reiseziele\/nordamerika.html\">Nordamerika<\/a><\/strong><\/p>\n<\/div>\n\n\n\n<div class=\"wp-block-column is-layout-flow wp-block-column-is-layout-flow\">\n<figure class=\"wp-block-image size-full\"><a href=\"https:\/\/www.travelworks.de\/blog\/wp-content\/uploads\/2025\/09\/Su\u0308damerika.jpg\"><img loading=\"lazy\" decoding=\"async\" width=\"1000\" height=\"800\" src=\"https:\/\/www.travelworks.de\/blog\/wp-content\/uploads\/2025\/09\/Su\u0308damerika.jpg\" alt=\"\" class=\"wp-image-14675\" srcset=\"https:\/\/www.travelworks.de\/blog\/wp-content\/uploads\/2025\/09\/Su\u0308damerika.jpg 1000w, https:\/\/www.travelworks.de\/blog\/wp-content\/uploads\/2025\/09\/Su\u0308damerika-300x240.jpg 300w, https:\/\/www.travelworks.de\/blog\/wp-content\/uploads\/2025\/09\/Su\u0308damerika-768x614.jpg 768w\" sizes=\"auto, (max-width: 1000px) 100vw, 1000px\" \/><\/a><\/figure>\n\n\n\n<p class=\"has-text-align-center\"><strong><a href=\"https:\/\/www.travelworks.de\/blog\/reiseziele\/suedamerika.html\">S\u00fcdamerika<\/a><\/strong><\/p>\n<\/div>\n\n\n\n<div class=\"wp-block-column is-layout-flow wp-block-column-is-layout-flow\">\n<figure class=\"wp-block-image size-full\"><a href=\"https:\/\/www.travelworks.de\/blog\/wp-content\/uploads\/2025\/09\/Ozeanien.jpg\"><img loading=\"lazy\" decoding=\"async\" width=\"1000\" height=\"800\" src=\"https:\/\/www.travelworks.de\/blog\/wp-content\/uploads\/2025\/09\/Ozeanien.jpg\" alt=\"\" class=\"wp-image-14673\" srcset=\"https:\/\/www.travelworks.de\/blog\/wp-content\/uploads\/2025\/09\/Ozeanien.jpg 1000w, https:\/\/www.travelworks.de\/blog\/wp-content\/uploads\/2025\/09\/Ozeanien-300x240.jpg 300w, https:\/\/www.travelworks.de\/blog\/wp-content\/uploads\/2025\/09\/Ozeanien-768x614.jpg 768w\" sizes=\"auto, (max-width: 1000px) 100vw, 1000px\" \/><\/a><\/figure>\n\n\n\n<p class=\"has-text-align-center\"><strong><a href=\"https:\/\/www.travelworks.de\/blog\/reiseziele\/ozeanien.html\">Ozeanien<\/a><\/strong><\/p>\n<\/div>\n<\/div>\n<\/div>\n<\/div>\n\n\n\n<div class=\"wp-block-columns is-layout-flex wp-container-corecolumns-is-layout-9d6595d7 wp-block-columns-is-layout-flex\">\n<div class=\"wp-block-column is-layout-flow wp-block-column-is-layout-flow\">\n<p class=\"has-text-align-center\"><\/p>\n<\/div>\n\n\n\n<div class=\"wp-block-column is-layout-flow wp-block-column-is-layout-flow\">\n<figure class=\"wp-block-image size-full\"><a href=\"https:\/\/www.travelworks.de\/blog\/wp-content\/uploads\/2025\/09\/Weltweit.jpg\"><img loading=\"lazy\" decoding=\"async\" width=\"1000\" height=\"800\" src=\"https:\/\/www.travelworks.de\/blog\/wp-content\/uploads\/2025\/09\/Weltweit.jpg\" alt=\"\" class=\"wp-image-14672\" srcset=\"https:\/\/www.travelworks.de\/blog\/wp-content\/uploads\/2025\/09\/Weltweit.jpg 1000w, https:\/\/www.travelworks.de\/blog\/wp-content\/uploads\/2025\/09\/Weltweit-300x240.jpg 300w, https:\/\/www.travelworks.de\/blog\/wp-content\/uploads\/2025\/09\/Weltweit-768x614.jpg 768w\" sizes=\"auto, (max-width: 1000px) 100vw, 1000px\" \/><\/a><\/figure>\n\n\n\n<p class=\"has-text-align-center\"><strong><a href=\"https:\/\/www.travelworks.de\/blog\/reiseziele\/reiseberichte-weltweit\">Weltweit<\/a><\/strong><\/p>\n<\/div>\n\n\n\n<div class=\"wp-block-column is-layout-flow wp-block-column-is-layout-flow\"><\/div>\n<\/div>\n\n\n\n<div class=\"wp-block-columns is-layout-flex wp-container-corecolumns-is-layout-9d6595d7 wp-block-columns-is-layout-flex\">\n<div class=\"wp-block-column is-layout-flow wp-block-column-is-layout-flow\">\n<p class=\"has-text-align-center\"><\/p>\n<\/div>\n\n\n\n<div class=\"wp-block-column is-layout-flow wp-block-column-is-layout-flow\"><\/div>\n<\/div>\n\n\n\n<p><a href=\"https:\/\/www.travelworks.de\/blog\/reiseziele.html\" target=\"_blank\" rel=\"noreferrer noopener\"><\/a><a href=\"https:\/\/www.travelworks.de\/blog\/reiseziele.html\" target=\"_blank\" rel=\"noreferrer noopener\"><\/a><\/p>\n\n\n\n<p><a href=\"https:\/\/www.travelworks.de\/blog\/reiseziele.html\" target=\"_blank\" rel=\"noreferrer noopener\"><\/a><\/p>\n\n\n\n<div class=\"wp-block-cover alignfull has-parallax is-light\" style=\"min-height:300px;aspect-ratio:unset;\"><div class=\"wp-block-cover__image-background wp-image-12313 has-parallax\" style=\"background-position:50% 50%;background-image:url(https:\/\/www.travelworks.de\/blog\/wp-content\/uploads\/2020\/09\/kyle-cut-media-hzR9rDXWbqo-unsplash.jpg)\"><\/div><span aria-hidden=\"true\" class=\"wp-block-cover__background has-background-dim\"><\/span><div class=\"wp-block-cover__inner-container is-layout-flow wp-block-cover-is-layout-flow\">\n<div class=\"wp-block-columns is-layout-flex wp-container-corecolumns-is-layout-9d6595d7 wp-block-columns-is-layout-flex\">\n<div class=\"wp-block-column is-layout-flow wp-block-column-is-layout-flow\" style=\"flex-basis:50%\">\n<h4 class=\"wp-block-heading has-text-align-left\" style=\"color: white;\">Erlebe die Welt mit TravelWorks<\/h4>\n\n\n\n<p class=\"has-text-align-left\" style=\"color: white;\"><span style=\"color: #ffffff;\">Sprachreisen, Work &amp; Travel, Sch\u00fcleraustausch, Au Pair, Erlebnisreisen und mehr<\/span><\/p>\n<\/div>\n\n\n\n<div class=\"wp-block-column is-layout-flow wp-block-column-is-layout-flow\">\n<div style=\"height:61px\" aria-hidden=\"true\" class=\"wp-block-spacer\"><\/div>\n\n\n\n<div class=\"wp-block-buttons is-layout-flex wp-block-buttons-is-layout-flex\">\n<div class=\"wp-block-button\"><a class=\"wp-block-button__link has-primary-color has-text-color has-background wp-element-button\" href=\"https:\/\/www.travelworks.de\" style=\"border-radius:15px;background-color:#ffd302\" target=\"_blank\" rel=\"noreferrer noopener\">Jetzt Programme Entdecken<\/a><\/div>\n<\/div>\n<\/div>\n<\/div>\n\n\n\n<p><\/p>\n<\/div><\/div>\n","protected":false},"excerpt":{"rendered":"<p>Entdecke Orte, die dich begeistern Ob Au Pair, Auslandspraktikum, Bildungsurlaub, Erlebnisreisen, Freiwilligenarbeit, Sprachreisen oder Work &amp; Travel \u2013 es gibt viele Wege, die Welt auf ganz besondere Art zu entdecken. Jede Reiseart er\u00f6ffnet dir neue Perspektiven, Erfahrungen und Begegnungen. Die M\u00f6glichkeiten sind dabei so vielf\u00e4ltig wie die Erde selbst: von den Kulturen Afrikas und Asiens [&hellip;]<\/p>\n","protected":false},"author":23,"featured_media":0,"parent":0,"menu_order":0,"comment_status":"closed","ping_status":"closed","template":"templates\/template-cover.php","meta":{"footnotes":""},"class_list":["post-12238","page","type-page","status-publish","hentry"],"yoast_head":"<!-- This site is optimized with the Yoast SEO plugin v27.4 - https:\/\/yoast.com\/product\/yoast-seo-wordpress\/ -->\n<title>Reiseziele - Entdecker Blog<\/title>\n<meta name=\"robots\" content=\"index, follow, max-snippet:-1, max-image-preview:large, max-video-preview:-1\" \/>\n<link rel=\"canonical\" href=\"https:\/\/www.travelworks.de\/blog\/reiseziele.html\" \/>\n<meta property=\"og:locale\" content=\"de_DE\" \/>\n<meta property=\"og:type\" content=\"article\" \/>\n<meta property=\"og:title\" content=\"Reiseziele - Entdecker Blog\" \/>\n<meta property=\"og:description\" content=\"Entdecke Orte, die dich begeistern Ob Au Pair, Auslandspraktikum, Bildungsurlaub, Erlebnisreisen, Freiwilligenarbeit, Sprachreisen oder Work &amp; Travel \u2013 es gibt viele Wege, die Welt auf ganz besondere Art zu entdecken. Jede Reiseart er\u00f6ffnet dir neue Perspektiven, Erfahrungen und Begegnungen. Die M\u00f6glichkeiten sind dabei so vielf\u00e4ltig wie die Erde selbst: von den Kulturen Afrikas und Asiens [&hellip;]\" \/>\n<meta property=\"og:url\" content=\"https:\/\/www.travelworks.de\/blog\/reiseziele.html\" \/>\n<meta property=\"og:site_name\" content=\"Entdecker Blog\" \/>\n<meta property=\"article:publisher\" content=\"https:\/\/de-de.facebook.com\/travelworks\" \/>\n<meta property=\"article:modified_time\" content=\"2025-09-22T07:55:36+00:00\" \/>\n<meta property=\"og:image\" content=\"https:\/\/www.travelworks.de\/blog\/wp-content\/uploads\/2025\/09\/Afrika.jpg\" \/>\n\t<meta property=\"og:image:width\" content=\"1000\" \/>\n\t<meta property=\"og:image:height\" content=\"800\" \/>\n\t<meta property=\"og:image:type\" content=\"image\/jpeg\" \/>\n<meta name=\"twitter:label1\" content=\"Gesch\u00e4tzte Lesezeit\" \/>\n\t<meta name=\"twitter:data1\" content=\"2\u00a0Minuten\" \/>\n<script type=\"application\/ld+json\" class=\"yoast-schema-graph\">{\"@context\":\"https:\\\/\\\/schema.org\",\"@graph\":[{\"@type\":\"WebPage\",\"@id\":\"https:\\\/\\\/www.travelworks.de\\\/blog\\\/reiseziele.html\",\"url\":\"https:\\\/\\\/www.travelworks.de\\\/blog\\\/reiseziele.html\",\"name\":\"Reiseziele - Entdecker Blog\",\"isPartOf\":{\"@id\":\"https:\\\/\\\/www.travelworks.de\\\/blog\\\/#website\"},\"primaryImageOfPage\":{\"@id\":\"https:\\\/\\\/www.travelworks.de\\\/blog\\\/reiseziele.html#primaryimage\"},\"image\":{\"@id\":\"https:\\\/\\\/www.travelworks.de\\\/blog\\\/reiseziele.html#primaryimage\"},\"thumbnailUrl\":\"https:\\\/\\\/www.travelworks.de\\\/blog\\\/wp-content\\\/uploads\\\/2025\\\/09\\\/Afrika.jpg\",\"datePublished\":\"2020-06-17T10:22:05+00:00\",\"dateModified\":\"2025-09-22T07:55:36+00:00\",\"breadcrumb\":{\"@id\":\"https:\\\/\\\/www.travelworks.de\\\/blog\\\/reiseziele.html#breadcrumb\"},\"inLanguage\":\"de\",\"potentialAction\":[{\"@type\":\"ReadAction\",\"target\":[\"https:\\\/\\\/www.travelworks.de\\\/blog\\\/reiseziele.html\"]}]},{\"@type\":\"ImageObject\",\"inLanguage\":\"de\",\"@id\":\"https:\\\/\\\/www.travelworks.de\\\/blog\\\/reiseziele.html#primaryimage\",\"url\":\"https:\\\/\\\/www.travelworks.de\\\/blog\\\/wp-content\\\/uploads\\\/2025\\\/09\\\/Afrika.jpg\",\"contentUrl\":\"https:\\\/\\\/www.travelworks.de\\\/blog\\\/wp-content\\\/uploads\\\/2025\\\/09\\\/Afrika.jpg\"},{\"@type\":\"BreadcrumbList\",\"@id\":\"https:\\\/\\\/www.travelworks.de\\\/blog\\\/reiseziele.html#breadcrumb\",\"itemListElement\":[{\"@type\":\"ListItem\",\"position\":1,\"name\":\"Start\",\"item\":\"https:\\\/\\\/www.travelworks.de\\\/blog\\\/\"},{\"@type\":\"ListItem\",\"position\":2,\"name\":\"Reiseziele\"}]},{\"@type\":\"WebSite\",\"@id\":\"https:\\\/\\\/www.travelworks.de\\\/blog\\\/#website\",\"url\":\"https:\\\/\\\/www.travelworks.de\\\/blog\\\/\",\"name\":\"Entdecker Blog\",\"description\":\"by TravelWorks\",\"publisher\":{\"@id\":\"https:\\\/\\\/www.travelworks.de\\\/blog\\\/#organization\"},\"potentialAction\":[{\"@type\":\"SearchAction\",\"target\":{\"@type\":\"EntryPoint\",\"urlTemplate\":\"https:\\\/\\\/www.travelworks.de\\\/blog\\\/?s={search_term_string}\"},\"query-input\":{\"@type\":\"PropertyValueSpecification\",\"valueRequired\":true,\"valueName\":\"search_term_string\"}}],\"inLanguage\":\"de\"},{\"@type\":\"Organization\",\"@id\":\"https:\\\/\\\/www.travelworks.de\\\/blog\\\/#organization\",\"name\":\"Travelplus Group GmbH\",\"url\":\"https:\\\/\\\/www.travelworks.de\\\/blog\\\/\",\"logo\":{\"@type\":\"ImageObject\",\"inLanguage\":\"de\",\"@id\":\"https:\\\/\\\/www.travelworks.de\\\/blog\\\/#\\\/schema\\\/logo\\\/image\\\/\",\"url\":\"https:\\\/\\\/www.travelworks.de\\\/blog\\\/wp-content\\\/uploads\\\/2023\\\/02\\\/TravelWorks-Logo-farbig_pfad_0-20-100-0.png\",\"contentUrl\":\"https:\\\/\\\/www.travelworks.de\\\/blog\\\/wp-content\\\/uploads\\\/2023\\\/02\\\/TravelWorks-Logo-farbig_pfad_0-20-100-0.png\",\"width\":6503,\"height\":1090,\"caption\":\"Travelplus Group GmbH\"},\"image\":{\"@id\":\"https:\\\/\\\/www.travelworks.de\\\/blog\\\/#\\\/schema\\\/logo\\\/image\\\/\"},\"sameAs\":[\"https:\\\/\\\/de-de.facebook.com\\\/travelworks\"]}]}<\/script>\n<!-- \/ Yoast SEO plugin. -->","yoast_head_json":{"title":"Reiseziele - Entdecker Blog","robots":{"index":"index","follow":"follow","max-snippet":"max-snippet:-1","max-image-preview":"max-image-preview:large","max-video-preview":"max-video-preview:-1"},"canonical":"https:\/\/www.travelworks.de\/blog\/reiseziele.html","og_locale":"de_DE","og_type":"article","og_title":"Reiseziele - Entdecker Blog","og_description":"Entdecke Orte, die dich begeistern Ob Au Pair, Auslandspraktikum, Bildungsurlaub, Erlebnisreisen, Freiwilligenarbeit, Sprachreisen oder Work &amp; Travel \u2013 es gibt viele Wege, die Welt auf ganz besondere Art zu entdecken. Jede Reiseart er\u00f6ffnet dir neue Perspektiven, Erfahrungen und Begegnungen. Die M\u00f6glichkeiten sind dabei so vielf\u00e4ltig wie die Erde selbst: von den Kulturen Afrikas und Asiens [&hellip;]","og_url":"https:\/\/www.travelworks.de\/blog\/reiseziele.html","og_site_name":"Entdecker Blog","article_publisher":"https:\/\/de-de.facebook.com\/travelworks","article_modified_time":"2025-09-22T07:55:36+00:00","og_image":[{"width":1000,"height":800,"url":"https:\/\/www.travelworks.de\/blog\/wp-content\/uploads\/2025\/09\/Afrika.jpg","type":"image\/jpeg"}],"twitter_misc":{"Gesch\u00e4tzte Lesezeit":"2\u00a0Minuten"},"schema":{"@context":"https:\/\/schema.org","@graph":[{"@type":"WebPage","@id":"https:\/\/www.travelworks.de\/blog\/reiseziele.html","url":"https:\/\/www.travelworks.de\/blog\/reiseziele.html","name":"Reiseziele - Entdecker Blog","isPartOf":{"@id":"https:\/\/www.travelworks.de\/blog\/#website"},"primaryImageOfPage":{"@id":"https:\/\/www.travelworks.de\/blog\/reiseziele.html#primaryimage"},"image":{"@id":"https:\/\/www.travelworks.de\/blog\/reiseziele.html#primaryimage"},"thumbnailUrl":"https:\/\/www.travelworks.de\/blog\/wp-content\/uploads\/2025\/09\/Afrika.jpg","datePublished":"2020-06-17T10:22:05+00:00","dateModified":"2025-09-22T07:55:36+00:00","breadcrumb":{"@id":"https:\/\/www.travelworks.de\/blog\/reiseziele.html#breadcrumb"},"inLanguage":"de","potentialAction":[{"@type":"ReadAction","target":["https:\/\/www.travelworks.de\/blog\/reiseziele.html"]}]},{"@type":"ImageObject","inLanguage":"de","@id":"https:\/\/www.travelworks.de\/blog\/reiseziele.html#primaryimage","url":"https:\/\/www.travelworks.de\/blog\/wp-content\/uploads\/2025\/09\/Afrika.jpg","contentUrl":"https:\/\/www.travelworks.de\/blog\/wp-content\/uploads\/2025\/09\/Afrika.jpg"},{"@type":"BreadcrumbList","@id":"https:\/\/www.travelworks.de\/blog\/reiseziele.html#breadcrumb","itemListElement":[{"@type":"ListItem","position":1,"name":"Start","item":"https:\/\/www.travelworks.de\/blog\/"},{"@type":"ListItem","position":2,"name":"Reiseziele"}]},{"@type":"WebSite","@id":"https:\/\/www.travelworks.de\/blog\/#website","url":"https:\/\/www.travelworks.de\/blog\/","name":"Entdecker Blog","description":"by TravelWorks","publisher":{"@id":"https:\/\/www.travelworks.de\/blog\/#organization"},"potentialAction":[{"@type":"SearchAction","target":{"@type":"EntryPoint","urlTemplate":"https:\/\/www.travelworks.de\/blog\/?s={search_term_string}"},"query-input":{"@type":"PropertyValueSpecification","valueRequired":true,"valueName":"search_term_string"}}],"inLanguage":"de"},{"@type":"Organization","@id":"https:\/\/www.travelworks.de\/blog\/#organization","name":"Travelplus Group GmbH","url":"https:\/\/www.travelworks.de\/blog\/","logo":{"@type":"ImageObject","inLanguage":"de","@id":"https:\/\/www.travelworks.de\/blog\/#\/schema\/logo\/image\/","url":"https:\/\/www.travelworks.de\/blog\/wp-content\/uploads\/2023\/02\/TravelWorks-Logo-farbig_pfad_0-20-100-0.png","contentUrl":"https:\/\/www.travelworks.de\/blog\/wp-content\/uploads\/2023\/02\/TravelWorks-Logo-farbig_pfad_0-20-100-0.png","width":6503,"height":1090,"caption":"Travelplus Group GmbH"},"image":{"@id":"https:\/\/www.travelworks.de\/blog\/#\/schema\/logo\/image\/"},"sameAs":["https:\/\/de-de.facebook.com\/travelworks"]}]}},"_links":{"self":[{"href":"https:\/\/www.travelworks.de\/blog\/wp-json\/wp\/v2\/pages\/12238","targetHints":{"allow":["GET"]}}],"collection":[{"href":"https:\/\/www.travelworks.de\/blog\/wp-json\/wp\/v2\/pages"}],"about":[{"href":"https:\/\/www.travelworks.de\/blog\/wp-json\/wp\/v2\/types\/page"}],"author":[{"embeddable":true,"href":"https:\/\/www.travelworks.de\/blog\/wp-json\/wp\/v2\/users\/23"}],"replies":[{"embeddable":true,"href":"https:\/\/www.travelworks.de\/blog\/wp-json\/wp\/v2\/comments?post=12238"}],"version-history":[{"count":21,"href":"https:\/\/www.travelworks.de\/blog\/wp-json\/wp\/v2\/pages\/12238\/revisions"}],"predecessor-version":[{"id":14678,"href":"https:\/\/www.travelworks.de\/blog\/wp-json\/wp\/v2\/pages\/12238\/revisions\/14678"}],"wp:attachment":[{"href":"https:\/\/www.travelworks.de\/blog\/wp-json\/wp\/v2\/media?parent=12238"}],"curies":[{"name":"wp","href":"https:\/\/api.w.org\/{rel}","templated":true}]}}