{"id":14190,"date":"2025-08-20T16:11:38","date_gmt":"2025-08-20T14:11:38","guid":{"rendered":"https:\/\/www.travelworks.de\/blog\/?page_id=14190"},"modified":"2025-09-16T09:53:28","modified_gmt":"2025-09-16T07:53:28","slug":"erlebnisreisen","status":"publish","type":"page","link":"https:\/\/www.travelworks.de\/blog\/reisearten\/erlebnisreisen.html","title":{"rendered":"Erlebnisreisen"},"content":{"rendered":"\n<p><\/p>\n\n\n\n<p><\/p>\n\n\n\n<p class=\"has-text-align-center\">Erlebnisreisen stehen f\u00fcr Abenteuer, Abwechslung und unvergessliche Momente. Ob Trekking in der Natur, Roadtrips durch faszinierende L\u00e4nder oder Gruppenreisen voller Highlights \u2013 hier geht es ums aktive Entdecken.<br>Hier findest du Berichte, Tipps und Erfahrungen von Reisenden und TravelWorks-Mitarbeiterinnen, die dir zeigen, was dich erwartet.<\/p>\n\n\n\n<p><\/p>\n\n\n\n<p><\/p>\n\n\n<ul class=\"wp-block-latest-posts__list is-grid columns-3 alignwide wp-block-latest-posts\"><li><div class=\"wp-block-latest-posts__featured-image\"><img loading=\"lazy\" decoding=\"async\" width=\"580\" height=\"435\" src=\"https:\/\/www.travelworks.de\/blog\/wp-content\/uploads\/2020\/03\/reisebericht-erlebnisreise-suedamerika-sara-machu-picchu-1024x768.jpg\" class=\"attachment-large size-large wp-post-image\" alt=\"Ausblick auf Machu Picchu.\" style=\"\" srcset=\"https:\/\/www.travelworks.de\/blog\/wp-content\/uploads\/2020\/03\/reisebericht-erlebnisreise-suedamerika-sara-machu-picchu-1024x768.jpg 1024w, https:\/\/www.travelworks.de\/blog\/wp-content\/uploads\/2020\/03\/reisebericht-erlebnisreise-suedamerika-sara-machu-picchu-300x225.jpg 300w, https:\/\/www.travelworks.de\/blog\/wp-content\/uploads\/2020\/03\/reisebericht-erlebnisreise-suedamerika-sara-machu-picchu-768x576.jpg 768w, https:\/\/www.travelworks.de\/blog\/wp-content\/uploads\/2020\/03\/reisebericht-erlebnisreise-suedamerika-sara-machu-picchu-1536x1152.jpg 1536w, https:\/\/www.travelworks.de\/blog\/wp-content\/uploads\/2020\/03\/reisebericht-erlebnisreise-suedamerika-sara-machu-picchu-2048x1536.jpg 2048w\" sizes=\"auto, (max-width: 580px) 100vw, 580px\" \/><\/div><a class=\"wp-block-latest-posts__post-title\" href=\"https:\/\/www.travelworks.de\/blog\/saras-erlebnisreise-nach-suedamerika.html\">Saras Erlebnisreise nach S\u00fcdamerika<\/a><div class=\"wp-block-latest-posts__post-excerpt\">Unsere Teilnehmerin Sara ist mit uns nach Lateinamerika gereist. 23 Tage lang hat sie auf unserer Erlebnisreise S\u00fcdamerika die L\u00e4nder Ecuador, Peru und Bolivien erkundet. Was genau sie alles auf ihrer Reise erlebt hat, erz\u00e4hlt\u2026\u00a0<a class=\"wp-block-latest-posts__read-more\" href=\"https:\/\/www.travelworks.de\/blog\/saras-erlebnisreise-nach-suedamerika.html\" rel=\"noopener noreferrer\"><span class=\"screen-reader-text\">Saras Erlebnisreise nach S\u00fcdamerika <\/span>weiterlesen<\/a><\/div><\/li>\n<\/ul>","protected":false},"excerpt":{"rendered":"<p>Erlebnisreisen stehen f\u00fcr Abenteuer, Abwechslung und unvergessliche Momente. Ob Trekking in der Natur, Roadtrips durch faszinierende L\u00e4nder oder Gruppenreisen voller Highlights \u2013 hier geht es ums aktive Entdecken.Hier findest du Berichte, Tipps und Erfahrungen von Reisenden und TravelWorks-Mitarbeiterinnen, die dir zeigen, was dich erwartet.<\/p>\n","protected":false},"author":23,"featured_media":0,"parent":14182,"menu_order":4,"comment_status":"closed","ping_status":"closed","template":"templates\/template-cover.php","meta":{"footnotes":""},"class_list":["post-14190","page","type-page","status-publish","hentry"],"yoast_head":"<!-- This site is optimized with the Yoast SEO plugin v27.4 - https:\/\/yoast.com\/product\/yoast-seo-wordpress\/ -->\n<title>Erlebnisreisen - Entdecker Blog<\/title>\n<meta name=\"robots\" content=\"index, follow, max-snippet:-1, max-image-preview:large, max-video-preview:-1\" \/>\n<link rel=\"canonical\" href=\"https:\/\/www.travelworks.de\/blog\/reisearten\/erlebnisreisen.html\" \/>\n<meta property=\"og:locale\" content=\"de_DE\" \/>\n<meta property=\"og:type\" content=\"article\" \/>\n<meta property=\"og:title\" content=\"Erlebnisreisen - Entdecker Blog\" \/>\n<meta property=\"og:description\" content=\"Erlebnisreisen stehen f\u00fcr Abenteuer, Abwechslung und unvergessliche Momente. Ob Trekking in der Natur, Roadtrips durch faszinierende L\u00e4nder oder Gruppenreisen voller Highlights \u2013 hier geht es ums aktive Entdecken.Hier findest du Berichte, Tipps und Erfahrungen von Reisenden und TravelWorks-Mitarbeiterinnen, die dir zeigen, was dich erwartet.\" \/>\n<meta property=\"og:url\" content=\"https:\/\/www.travelworks.de\/blog\/reisearten\/erlebnisreisen.html\" \/>\n<meta property=\"og:site_name\" content=\"Entdecker Blog\" \/>\n<meta property=\"article:publisher\" content=\"https:\/\/de-de.facebook.com\/travelworks\" \/>\n<meta property=\"article:modified_time\" content=\"2025-09-16T07:53:28+00:00\" \/>\n<meta name=\"twitter:label1\" content=\"Gesch\u00e4tzte Lesezeit\" \/>\n\t<meta name=\"twitter:data1\" content=\"1\u00a0Minute\" \/>\n<script type=\"application\/ld+json\" class=\"yoast-schema-graph\">{\"@context\":\"https:\\\/\\\/schema.org\",\"@graph\":[{\"@type\":\"WebPage\",\"@id\":\"https:\\\/\\\/www.travelworks.de\\\/blog\\\/reisearten\\\/erlebnisreisen.html\",\"url\":\"https:\\\/\\\/www.travelworks.de\\\/blog\\\/reisearten\\\/erlebnisreisen.html\",\"name\":\"Erlebnisreisen - Entdecker Blog\",\"isPartOf\":{\"@id\":\"https:\\\/\\\/www.travelworks.de\\\/blog\\\/#website\"},\"datePublished\":\"2025-08-20T14:11:38+00:00\",\"dateModified\":\"2025-09-16T07:53:28+00:00\",\"breadcrumb\":{\"@id\":\"https:\\\/\\\/www.travelworks.de\\\/blog\\\/reisearten\\\/erlebnisreisen.html#breadcrumb\"},\"inLanguage\":\"de\",\"potentialAction\":[{\"@type\":\"ReadAction\",\"target\":[\"https:\\\/\\\/www.travelworks.de\\\/blog\\\/reisearten\\\/erlebnisreisen.html\"]}]},{\"@type\":\"BreadcrumbList\",\"@id\":\"https:\\\/\\\/www.travelworks.de\\\/blog\\\/reisearten\\\/erlebnisreisen.html#breadcrumb\",\"itemListElement\":[{\"@type\":\"ListItem\",\"position\":1,\"name\":\"Start\",\"item\":\"https:\\\/\\\/www.travelworks.de\\\/blog\\\/\"},{\"@type\":\"ListItem\",\"position\":2,\"name\":\"Reisearten\",\"item\":\"https:\\\/\\\/www.travelworks.de\\\/blog\\\/reisearten.html\"},{\"@type\":\"ListItem\",\"position\":3,\"name\":\"Erlebnisreisen\"}]},{\"@type\":\"WebSite\",\"@id\":\"https:\\\/\\\/www.travelworks.de\\\/blog\\\/#website\",\"url\":\"https:\\\/\\\/www.travelworks.de\\\/blog\\\/\",\"name\":\"Entdecker Blog\",\"description\":\"by TravelWorks\",\"publisher\":{\"@id\":\"https:\\\/\\\/www.travelworks.de\\\/blog\\\/#organization\"},\"potentialAction\":[{\"@type\":\"SearchAction\",\"target\":{\"@type\":\"EntryPoint\",\"urlTemplate\":\"https:\\\/\\\/www.travelworks.de\\\/blog\\\/?s={search_term_string}\"},\"query-input\":{\"@type\":\"PropertyValueSpecification\",\"valueRequired\":true,\"valueName\":\"search_term_string\"}}],\"inLanguage\":\"de\"},{\"@type\":\"Organization\",\"@id\":\"https:\\\/\\\/www.travelworks.de\\\/blog\\\/#organization\",\"name\":\"Travelplus Group GmbH\",\"url\":\"https:\\\/\\\/www.travelworks.de\\\/blog\\\/\",\"logo\":{\"@type\":\"ImageObject\",\"inLanguage\":\"de\",\"@id\":\"https:\\\/\\\/www.travelworks.de\\\/blog\\\/#\\\/schema\\\/logo\\\/image\\\/\",\"url\":\"https:\\\/\\\/www.travelworks.de\\\/blog\\\/wp-content\\\/uploads\\\/2023\\\/02\\\/TravelWorks-Logo-farbig_pfad_0-20-100-0.png\",\"contentUrl\":\"https:\\\/\\\/www.travelworks.de\\\/blog\\\/wp-content\\\/uploads\\\/2023\\\/02\\\/TravelWorks-Logo-farbig_pfad_0-20-100-0.png\",\"width\":6503,\"height\":1090,\"caption\":\"Travelplus Group GmbH\"},\"image\":{\"@id\":\"https:\\\/\\\/www.travelworks.de\\\/blog\\\/#\\\/schema\\\/logo\\\/image\\\/\"},\"sameAs\":[\"https:\\\/\\\/de-de.facebook.com\\\/travelworks\"]}]}<\/script>\n<!-- \/ Yoast SEO plugin. -->","yoast_head_json":{"title":"Erlebnisreisen - Entdecker Blog","robots":{"index":"index","follow":"follow","max-snippet":"max-snippet:-1","max-image-preview":"max-image-preview:large","max-video-preview":"max-video-preview:-1"},"canonical":"https:\/\/www.travelworks.de\/blog\/reisearten\/erlebnisreisen.html","og_locale":"de_DE","og_type":"article","og_title":"Erlebnisreisen - Entdecker Blog","og_description":"Erlebnisreisen stehen f\u00fcr Abenteuer, Abwechslung und unvergessliche Momente. Ob Trekking in der Natur, Roadtrips durch faszinierende L\u00e4nder oder Gruppenreisen voller Highlights \u2013 hier geht es ums aktive Entdecken.Hier findest du Berichte, Tipps und Erfahrungen von Reisenden und TravelWorks-Mitarbeiterinnen, die dir zeigen, was dich erwartet.","og_url":"https:\/\/www.travelworks.de\/blog\/reisearten\/erlebnisreisen.html","og_site_name":"Entdecker Blog","article_publisher":"https:\/\/de-de.facebook.com\/travelworks","article_modified_time":"2025-09-16T07:53:28+00:00","twitter_misc":{"Gesch\u00e4tzte Lesezeit":"1\u00a0Minute"},"schema":{"@context":"https:\/\/schema.org","@graph":[{"@type":"WebPage","@id":"https:\/\/www.travelworks.de\/blog\/reisearten\/erlebnisreisen.html","url":"https:\/\/www.travelworks.de\/blog\/reisearten\/erlebnisreisen.html","name":"Erlebnisreisen - Entdecker Blog","isPartOf":{"@id":"https:\/\/www.travelworks.de\/blog\/#website"},"datePublished":"2025-08-20T14:11:38+00:00","dateModified":"2025-09-16T07:53:28+00:00","breadcrumb":{"@id":"https:\/\/www.travelworks.de\/blog\/reisearten\/erlebnisreisen.html#breadcrumb"},"inLanguage":"de","potentialAction":[{"@type":"ReadAction","target":["https:\/\/www.travelworks.de\/blog\/reisearten\/erlebnisreisen.html"]}]},{"@type":"BreadcrumbList","@id":"https:\/\/www.travelworks.de\/blog\/reisearten\/erlebnisreisen.html#breadcrumb","itemListElement":[{"@type":"ListItem","position":1,"name":"Start","item":"https:\/\/www.travelworks.de\/blog\/"},{"@type":"ListItem","position":2,"name":"Reisearten","item":"https:\/\/www.travelworks.de\/blog\/reisearten.html"},{"@type":"ListItem","position":3,"name":"Erlebnisreisen"}]},{"@type":"WebSite","@id":"https:\/\/www.travelworks.de\/blog\/#website","url":"https:\/\/www.travelworks.de\/blog\/","name":"Entdecker Blog","description":"by TravelWorks","publisher":{"@id":"https:\/\/www.travelworks.de\/blog\/#organization"},"potentialAction":[{"@type":"SearchAction","target":{"@type":"EntryPoint","urlTemplate":"https:\/\/www.travelworks.de\/blog\/?s={search_term_string}"},"query-input":{"@type":"PropertyValueSpecification","valueRequired":true,"valueName":"search_term_string"}}],"inLanguage":"de"},{"@type":"Organization","@id":"https:\/\/www.travelworks.de\/blog\/#organization","name":"Travelplus Group GmbH","url":"https:\/\/www.travelworks.de\/blog\/","logo":{"@type":"ImageObject","inLanguage":"de","@id":"https:\/\/www.travelworks.de\/blog\/#\/schema\/logo\/image\/","url":"https:\/\/www.travelworks.de\/blog\/wp-content\/uploads\/2023\/02\/TravelWorks-Logo-farbig_pfad_0-20-100-0.png","contentUrl":"https:\/\/www.travelworks.de\/blog\/wp-content\/uploads\/2023\/02\/TravelWorks-Logo-farbig_pfad_0-20-100-0.png","width":6503,"height":1090,"caption":"Travelplus Group GmbH"},"image":{"@id":"https:\/\/www.travelworks.de\/blog\/#\/schema\/logo\/image\/"},"sameAs":["https:\/\/de-de.facebook.com\/travelworks"]}]}},"_links":{"self":[{"href":"https:\/\/www.travelworks.de\/blog\/wp-json\/wp\/v2\/pages\/14190","targetHints":{"allow":["GET"]}}],"collection":[{"href":"https:\/\/www.travelworks.de\/blog\/wp-json\/wp\/v2\/pages"}],"about":[{"href":"https:\/\/www.travelworks.de\/blog\/wp-json\/wp\/v2\/types\/page"}],"author":[{"embeddable":true,"href":"https:\/\/www.travelworks.de\/blog\/wp-json\/wp\/v2\/users\/23"}],"replies":[{"embeddable":true,"href":"https:\/\/www.travelworks.de\/blog\/wp-json\/wp\/v2\/comments?post=14190"}],"version-history":[{"count":2,"href":"https:\/\/www.travelworks.de\/blog\/wp-json\/wp\/v2\/pages\/14190\/revisions"}],"predecessor-version":[{"id":14633,"href":"https:\/\/www.travelworks.de\/blog\/wp-json\/wp\/v2\/pages\/14190\/revisions\/14633"}],"up":[{"embeddable":true,"href":"https:\/\/www.travelworks.de\/blog\/wp-json\/wp\/v2\/pages\/14182"}],"wp:attachment":[{"href":"https:\/\/www.travelworks.de\/blog\/wp-json\/wp\/v2\/media?parent=14190"}],"curies":[{"name":"wp","href":"https:\/\/api.w.org\/{rel}","templated":true}]}}