{"id":14198,"date":"2025-08-20T16:12:35","date_gmt":"2025-08-20T14:12:35","guid":{"rendered":"https:\/\/www.travelworks.de\/blog\/?page_id=14198"},"modified":"2025-09-16T09:49:46","modified_gmt":"2025-09-16T07:49:46","slug":"auslandspraktikum","status":"publish","type":"page","link":"https:\/\/www.travelworks.de\/blog\/reisearten\/auslandspraktikum.html","title":{"rendered":"Auslandspraktikum"},"content":{"rendered":"\n<p><\/p>\n\n\n\n<p><\/p>\n\n\n\n<p class=\"has-text-align-center\">Ein Auslandspraktikum er\u00f6ffnet die Chance, internationale Berufserfahrung zu sammeln und gleichzeitig in eine neue Kultur einzutauchen. Du arbeitest in einem Unternehmen vor Ort, kn\u00fcpfst Kontakte und entwickelst deine fachlichen wie pers\u00f6nlichen F\u00e4higkeiten weiter.<br>Hier findest du Erfahrungsberichte, Tipps und Einblicke von ehemaligen Praktikant*innen sowie von TravelWorks-Mitarbeiterinnen, die dir bei der Vorbereitung helfen.<\/p>\n\n\n\n<p><\/p>\n\n\n<ul class=\"wp-block-latest-posts__list is-grid columns-3 alignwide wp-block-latest-posts\"><li><div class=\"wp-block-latest-posts__featured-image\"><img loading=\"lazy\" decoding=\"async\" width=\"580\" height=\"193\" src=\"https:\/\/www.travelworks.de\/blog\/wp-content\/uploads\/2024\/04\/titebild-blogbeitrg-hendrik-praktikum-usa-1024x341.jpg\" class=\"attachment-large size-large wp-post-image\" alt=\"\" style=\"\" srcset=\"https:\/\/www.travelworks.de\/blog\/wp-content\/uploads\/2024\/04\/titebild-blogbeitrg-hendrik-praktikum-usa-1024x341.jpg 1024w, https:\/\/www.travelworks.de\/blog\/wp-content\/uploads\/2024\/04\/titebild-blogbeitrg-hendrik-praktikum-usa-300x100.jpg 300w, https:\/\/www.travelworks.de\/blog\/wp-content\/uploads\/2024\/04\/titebild-blogbeitrg-hendrik-praktikum-usa-768x256.jpg 768w, https:\/\/www.travelworks.de\/blog\/wp-content\/uploads\/2024\/04\/titebild-blogbeitrg-hendrik-praktikum-usa-1200x400.jpg 1200w, https:\/\/www.travelworks.de\/blog\/wp-content\/uploads\/2024\/04\/titebild-blogbeitrg-hendrik-praktikum-usa.jpg 1500w\" sizes=\"auto, (max-width: 580px) 100vw, 580px\" \/><\/div><a class=\"wp-block-latest-posts__post-title\" href=\"https:\/\/www.travelworks.de\/blog\/hendriks-sommer-in-den-suedstaaten-praktikum-in-den-usa.html\">Hendriks Sommer in den S\u00fcdstaaten: Praktikum in den USA<\/a><div class=\"wp-block-latest-posts__post-excerpt\">Hendrik hat im Sommer 2023 ein Praktikum in den USA gemacht. Zusammen mit einem Arbeitskollegen durfte er bei dem Auslandsstandort seiner Firma in die Arbeit einer amerikanischen Firma eintauchen. Wie er sein Praktikum in den\u2026\u00a0<a class=\"wp-block-latest-posts__read-more\" href=\"https:\/\/www.travelworks.de\/blog\/hendriks-sommer-in-den-suedstaaten-praktikum-in-den-usa.html\" rel=\"noopener noreferrer\"><span class=\"screen-reader-text\">Hendriks Sommer in den S\u00fcdstaaten: Praktikum in den USA <\/span>weiterlesen<\/a><\/div><\/li>\n<\/ul>","protected":false},"excerpt":{"rendered":"<p>Ein Auslandspraktikum er\u00f6ffnet die Chance, internationale Berufserfahrung zu sammeln und gleichzeitig in eine neue Kultur einzutauchen. Du arbeitest in einem Unternehmen vor Ort, kn\u00fcpfst Kontakte und entwickelst deine fachlichen wie pers\u00f6nlichen F\u00e4higkeiten weiter.Hier findest du Erfahrungsberichte, Tipps und Einblicke von ehemaligen Praktikant*innen sowie von TravelWorks-Mitarbeiterinnen, die dir bei der Vorbereitung helfen.<\/p>\n","protected":false},"author":23,"featured_media":0,"parent":14182,"menu_order":2,"comment_status":"closed","ping_status":"closed","template":"templates\/template-cover.php","meta":{"footnotes":""},"class_list":["post-14198","page","type-page","status-publish","hentry"],"yoast_head":"<!-- This site is optimized with the Yoast SEO plugin v27.4 - https:\/\/yoast.com\/product\/yoast-seo-wordpress\/ -->\n<title>Auslandspraktikum - Entdecker Blog<\/title>\n<meta name=\"robots\" content=\"index, follow, max-snippet:-1, max-image-preview:large, max-video-preview:-1\" \/>\n<link rel=\"canonical\" href=\"https:\/\/www.travelworks.de\/blog\/reisearten\/auslandspraktikum.html\" \/>\n<meta property=\"og:locale\" content=\"de_DE\" \/>\n<meta property=\"og:type\" content=\"article\" \/>\n<meta property=\"og:title\" content=\"Auslandspraktikum - Entdecker Blog\" \/>\n<meta property=\"og:description\" content=\"Ein Auslandspraktikum er\u00f6ffnet die Chance, internationale Berufserfahrung zu sammeln und gleichzeitig in eine neue Kultur einzutauchen. Du arbeitest in einem Unternehmen vor Ort, kn\u00fcpfst Kontakte und entwickelst deine fachlichen wie pers\u00f6nlichen F\u00e4higkeiten weiter.Hier findest du Erfahrungsberichte, Tipps und Einblicke von ehemaligen Praktikant*innen sowie von TravelWorks-Mitarbeiterinnen, die dir bei der Vorbereitung helfen.\" \/>\n<meta property=\"og:url\" content=\"https:\/\/www.travelworks.de\/blog\/reisearten\/auslandspraktikum.html\" \/>\n<meta property=\"og:site_name\" content=\"Entdecker Blog\" \/>\n<meta property=\"article:publisher\" content=\"https:\/\/de-de.facebook.com\/travelworks\" \/>\n<meta property=\"article:modified_time\" content=\"2025-09-16T07:49:46+00:00\" \/>\n<meta name=\"twitter:label1\" content=\"Gesch\u00e4tzte Lesezeit\" \/>\n\t<meta name=\"twitter:data1\" content=\"1\u00a0Minute\" \/>\n<script type=\"application\/ld+json\" class=\"yoast-schema-graph\">{\"@context\":\"https:\\\/\\\/schema.org\",\"@graph\":[{\"@type\":\"WebPage\",\"@id\":\"https:\\\/\\\/www.travelworks.de\\\/blog\\\/reisearten\\\/auslandspraktikum.html\",\"url\":\"https:\\\/\\\/www.travelworks.de\\\/blog\\\/reisearten\\\/auslandspraktikum.html\",\"name\":\"Auslandspraktikum - Entdecker Blog\",\"isPartOf\":{\"@id\":\"https:\\\/\\\/www.travelworks.de\\\/blog\\\/#website\"},\"datePublished\":\"2025-08-20T14:12:35+00:00\",\"dateModified\":\"2025-09-16T07:49:46+00:00\",\"breadcrumb\":{\"@id\":\"https:\\\/\\\/www.travelworks.de\\\/blog\\\/reisearten\\\/auslandspraktikum.html#breadcrumb\"},\"inLanguage\":\"de\",\"potentialAction\":[{\"@type\":\"ReadAction\",\"target\":[\"https:\\\/\\\/www.travelworks.de\\\/blog\\\/reisearten\\\/auslandspraktikum.html\"]}]},{\"@type\":\"BreadcrumbList\",\"@id\":\"https:\\\/\\\/www.travelworks.de\\\/blog\\\/reisearten\\\/auslandspraktikum.html#breadcrumb\",\"itemListElement\":[{\"@type\":\"ListItem\",\"position\":1,\"name\":\"Start\",\"item\":\"https:\\\/\\\/www.travelworks.de\\\/blog\\\/\"},{\"@type\":\"ListItem\",\"position\":2,\"name\":\"Reisearten\",\"item\":\"https:\\\/\\\/www.travelworks.de\\\/blog\\\/reisearten.html\"},{\"@type\":\"ListItem\",\"position\":3,\"name\":\"Auslandspraktikum\"}]},{\"@type\":\"WebSite\",\"@id\":\"https:\\\/\\\/www.travelworks.de\\\/blog\\\/#website\",\"url\":\"https:\\\/\\\/www.travelworks.de\\\/blog\\\/\",\"name\":\"Entdecker Blog\",\"description\":\"by TravelWorks\",\"publisher\":{\"@id\":\"https:\\\/\\\/www.travelworks.de\\\/blog\\\/#organization\"},\"potentialAction\":[{\"@type\":\"SearchAction\",\"target\":{\"@type\":\"EntryPoint\",\"urlTemplate\":\"https:\\\/\\\/www.travelworks.de\\\/blog\\\/?s={search_term_string}\"},\"query-input\":{\"@type\":\"PropertyValueSpecification\",\"valueRequired\":true,\"valueName\":\"search_term_string\"}}],\"inLanguage\":\"de\"},{\"@type\":\"Organization\",\"@id\":\"https:\\\/\\\/www.travelworks.de\\\/blog\\\/#organization\",\"name\":\"Travelplus Group GmbH\",\"url\":\"https:\\\/\\\/www.travelworks.de\\\/blog\\\/\",\"logo\":{\"@type\":\"ImageObject\",\"inLanguage\":\"de\",\"@id\":\"https:\\\/\\\/www.travelworks.de\\\/blog\\\/#\\\/schema\\\/logo\\\/image\\\/\",\"url\":\"https:\\\/\\\/www.travelworks.de\\\/blog\\\/wp-content\\\/uploads\\\/2023\\\/02\\\/TravelWorks-Logo-farbig_pfad_0-20-100-0.png\",\"contentUrl\":\"https:\\\/\\\/www.travelworks.de\\\/blog\\\/wp-content\\\/uploads\\\/2023\\\/02\\\/TravelWorks-Logo-farbig_pfad_0-20-100-0.png\",\"width\":6503,\"height\":1090,\"caption\":\"Travelplus Group GmbH\"},\"image\":{\"@id\":\"https:\\\/\\\/www.travelworks.de\\\/blog\\\/#\\\/schema\\\/logo\\\/image\\\/\"},\"sameAs\":[\"https:\\\/\\\/de-de.facebook.com\\\/travelworks\"]}]}<\/script>\n<!-- \/ Yoast SEO plugin. -->","yoast_head_json":{"title":"Auslandspraktikum - Entdecker Blog","robots":{"index":"index","follow":"follow","max-snippet":"max-snippet:-1","max-image-preview":"max-image-preview:large","max-video-preview":"max-video-preview:-1"},"canonical":"https:\/\/www.travelworks.de\/blog\/reisearten\/auslandspraktikum.html","og_locale":"de_DE","og_type":"article","og_title":"Auslandspraktikum - Entdecker Blog","og_description":"Ein Auslandspraktikum er\u00f6ffnet die Chance, internationale Berufserfahrung zu sammeln und gleichzeitig in eine neue Kultur einzutauchen. Du arbeitest in einem Unternehmen vor Ort, kn\u00fcpfst Kontakte und entwickelst deine fachlichen wie pers\u00f6nlichen F\u00e4higkeiten weiter.Hier findest du Erfahrungsberichte, Tipps und Einblicke von ehemaligen Praktikant*innen sowie von TravelWorks-Mitarbeiterinnen, die dir bei der Vorbereitung helfen.","og_url":"https:\/\/www.travelworks.de\/blog\/reisearten\/auslandspraktikum.html","og_site_name":"Entdecker Blog","article_publisher":"https:\/\/de-de.facebook.com\/travelworks","article_modified_time":"2025-09-16T07:49:46+00:00","twitter_misc":{"Gesch\u00e4tzte Lesezeit":"1\u00a0Minute"},"schema":{"@context":"https:\/\/schema.org","@graph":[{"@type":"WebPage","@id":"https:\/\/www.travelworks.de\/blog\/reisearten\/auslandspraktikum.html","url":"https:\/\/www.travelworks.de\/blog\/reisearten\/auslandspraktikum.html","name":"Auslandspraktikum - Entdecker Blog","isPartOf":{"@id":"https:\/\/www.travelworks.de\/blog\/#website"},"datePublished":"2025-08-20T14:12:35+00:00","dateModified":"2025-09-16T07:49:46+00:00","breadcrumb":{"@id":"https:\/\/www.travelworks.de\/blog\/reisearten\/auslandspraktikum.html#breadcrumb"},"inLanguage":"de","potentialAction":[{"@type":"ReadAction","target":["https:\/\/www.travelworks.de\/blog\/reisearten\/auslandspraktikum.html"]}]},{"@type":"BreadcrumbList","@id":"https:\/\/www.travelworks.de\/blog\/reisearten\/auslandspraktikum.html#breadcrumb","itemListElement":[{"@type":"ListItem","position":1,"name":"Start","item":"https:\/\/www.travelworks.de\/blog\/"},{"@type":"ListItem","position":2,"name":"Reisearten","item":"https:\/\/www.travelworks.de\/blog\/reisearten.html"},{"@type":"ListItem","position":3,"name":"Auslandspraktikum"}]},{"@type":"WebSite","@id":"https:\/\/www.travelworks.de\/blog\/#website","url":"https:\/\/www.travelworks.de\/blog\/","name":"Entdecker Blog","description":"by TravelWorks","publisher":{"@id":"https:\/\/www.travelworks.de\/blog\/#organization"},"potentialAction":[{"@type":"SearchAction","target":{"@type":"EntryPoint","urlTemplate":"https:\/\/www.travelworks.de\/blog\/?s={search_term_string}"},"query-input":{"@type":"PropertyValueSpecification","valueRequired":true,"valueName":"search_term_string"}}],"inLanguage":"de"},{"@type":"Organization","@id":"https:\/\/www.travelworks.de\/blog\/#organization","name":"Travelplus Group GmbH","url":"https:\/\/www.travelworks.de\/blog\/","logo":{"@type":"ImageObject","inLanguage":"de","@id":"https:\/\/www.travelworks.de\/blog\/#\/schema\/logo\/image\/","url":"https:\/\/www.travelworks.de\/blog\/wp-content\/uploads\/2023\/02\/TravelWorks-Logo-farbig_pfad_0-20-100-0.png","contentUrl":"https:\/\/www.travelworks.de\/blog\/wp-content\/uploads\/2023\/02\/TravelWorks-Logo-farbig_pfad_0-20-100-0.png","width":6503,"height":1090,"caption":"Travelplus Group GmbH"},"image":{"@id":"https:\/\/www.travelworks.de\/blog\/#\/schema\/logo\/image\/"},"sameAs":["https:\/\/de-de.facebook.com\/travelworks"]}]}},"_links":{"self":[{"href":"https:\/\/www.travelworks.de\/blog\/wp-json\/wp\/v2\/pages\/14198","targetHints":{"allow":["GET"]}}],"collection":[{"href":"https:\/\/www.travelworks.de\/blog\/wp-json\/wp\/v2\/pages"}],"about":[{"href":"https:\/\/www.travelworks.de\/blog\/wp-json\/wp\/v2\/types\/page"}],"author":[{"embeddable":true,"href":"https:\/\/www.travelworks.de\/blog\/wp-json\/wp\/v2\/users\/23"}],"replies":[{"embeddable":true,"href":"https:\/\/www.travelworks.de\/blog\/wp-json\/wp\/v2\/comments?post=14198"}],"version-history":[{"count":2,"href":"https:\/\/www.travelworks.de\/blog\/wp-json\/wp\/v2\/pages\/14198\/revisions"}],"predecessor-version":[{"id":14630,"href":"https:\/\/www.travelworks.de\/blog\/wp-json\/wp\/v2\/pages\/14198\/revisions\/14630"}],"up":[{"embeddable":true,"href":"https:\/\/www.travelworks.de\/blog\/wp-json\/wp\/v2\/pages\/14182"}],"wp:attachment":[{"href":"https:\/\/www.travelworks.de\/blog\/wp-json\/wp\/v2\/media?parent=14198"}],"curies":[{"name":"wp","href":"https:\/\/api.w.org\/{rel}","templated":true}]}}