{"id":14208,"date":"2025-08-20T16:46:38","date_gmt":"2025-08-20T14:46:38","guid":{"rendered":"https:\/\/www.travelworks.de\/blog\/?page_id=14208"},"modified":"2025-09-16T09:51:38","modified_gmt":"2025-09-16T07:51:38","slug":"bildungsurlaub","status":"publish","type":"page","link":"https:\/\/www.travelworks.de\/blog\/reisearten\/bildungsurlaub.html","title":{"rendered":"Bildungsurlaub"},"content":{"rendered":"\n<p><\/p>\n\n\n\n<p class=\"has-text-align-center\">Beim Bildungsurlaub kombinierst du Weiterbildung mit Reisen. Ob Sprachkurs, interkulturelles Training oder berufliche Fortbildung \u2013 du nutzt deine freie Zeit, um Neues zu lernen und dabei Land und Leute kennenzulernen.<br>Hier erwarten dich Erfahrungsberichte, Tipps und Empfehlungen von Teilnehmenden und TravelWorks-Mitarbeiterinnen, die dir Inspiration f\u00fcr deine eigene Reise geben.<\/p>\n\n\n\n<p><\/p>\n\n\n<ul class=\"wp-block-latest-posts__list is-grid columns-3 alignwide wp-block-latest-posts\"><li><div class=\"wp-block-latest-posts__featured-image\"><img loading=\"lazy\" decoding=\"async\" width=\"580\" height=\"193\" src=\"https:\/\/www.travelworks.de\/blog\/wp-content\/uploads\/2025\/03\/titel-bildungsurlaub-sprachreise-1024x341.jpg\" class=\"attachment-large size-large wp-post-image\" alt=\"Bildungsurlaub - Lernen und Reisen sinnvoll verbinden\" style=\"\" srcset=\"https:\/\/www.travelworks.de\/blog\/wp-content\/uploads\/2025\/03\/titel-bildungsurlaub-sprachreise-1024x341.jpg 1024w, https:\/\/www.travelworks.de\/blog\/wp-content\/uploads\/2025\/03\/titel-bildungsurlaub-sprachreise-300x100.jpg 300w, https:\/\/www.travelworks.de\/blog\/wp-content\/uploads\/2025\/03\/titel-bildungsurlaub-sprachreise-768x256.jpg 768w, https:\/\/www.travelworks.de\/blog\/wp-content\/uploads\/2025\/03\/titel-bildungsurlaub-sprachreise-1200x400.jpg 1200w, https:\/\/www.travelworks.de\/blog\/wp-content\/uploads\/2025\/03\/titel-bildungsurlaub-sprachreise.jpg 1500w\" sizes=\"auto, (max-width: 580px) 100vw, 580px\" \/><\/div><a class=\"wp-block-latest-posts__post-title\" href=\"https:\/\/www.travelworks.de\/blog\/sprachreisen-als-bildungsurlaub.html\">Eine Reise zu neuen Horizonten: Sprachreisen als Bildungsurlaub<\/a><div class=\"wp-block-latest-posts__post-excerpt\">Stell dir vor, du sitzt in einem Caf\u00e9 an der C\u00f4te d\u2019Azur, genie\u00dft ein Croissant und h\u00f6rst den besonderen Klang der franz\u00f6sischen Sprache um dich herum. Oder du wanderst durch die historischen Stra\u00dfen von Rom\u2026\u00a0<a class=\"wp-block-latest-posts__read-more\" href=\"https:\/\/www.travelworks.de\/blog\/sprachreisen-als-bildungsurlaub.html\" rel=\"noopener noreferrer\"><span class=\"screen-reader-text\">Eine Reise zu neuen Horizonten: Sprachreisen als Bildungsurlaub <\/span>weiterlesen<\/a><\/div><\/li>\n<\/ul>","protected":false},"excerpt":{"rendered":"<p>Beim Bildungsurlaub kombinierst du Weiterbildung mit Reisen. Ob Sprachkurs, interkulturelles Training oder berufliche Fortbildung \u2013 du nutzt deine freie Zeit, um Neues zu lernen und dabei Land und Leute kennenzulernen.Hier erwarten dich Erfahrungsberichte, Tipps und Empfehlungen von Teilnehmenden und TravelWorks-Mitarbeiterinnen, die dir Inspiration f\u00fcr deine eigene Reise geben.<\/p>\n","protected":false},"author":23,"featured_media":0,"parent":14182,"menu_order":3,"comment_status":"closed","ping_status":"closed","template":"templates\/template-cover.php","meta":{"footnotes":""},"class_list":["post-14208","page","type-page","status-publish","hentry"],"yoast_head":"<!-- This site is optimized with the Yoast SEO plugin v27.4 - https:\/\/yoast.com\/product\/yoast-seo-wordpress\/ -->\n<title>Bildungsurlaub - Entdecker Blog<\/title>\n<meta name=\"robots\" content=\"index, follow, max-snippet:-1, max-image-preview:large, max-video-preview:-1\" \/>\n<link rel=\"canonical\" href=\"https:\/\/www.travelworks.de\/blog\/reisearten\/bildungsurlaub.html\" \/>\n<meta property=\"og:locale\" content=\"de_DE\" \/>\n<meta property=\"og:type\" content=\"article\" \/>\n<meta property=\"og:title\" content=\"Bildungsurlaub - Entdecker Blog\" \/>\n<meta property=\"og:description\" content=\"Beim Bildungsurlaub kombinierst du Weiterbildung mit Reisen. Ob Sprachkurs, interkulturelles Training oder berufliche Fortbildung \u2013 du nutzt deine freie Zeit, um Neues zu lernen und dabei Land und Leute kennenzulernen.Hier erwarten dich Erfahrungsberichte, Tipps und Empfehlungen von Teilnehmenden und TravelWorks-Mitarbeiterinnen, die dir Inspiration f\u00fcr deine eigene Reise geben.\" \/>\n<meta property=\"og:url\" content=\"https:\/\/www.travelworks.de\/blog\/reisearten\/bildungsurlaub.html\" \/>\n<meta property=\"og:site_name\" content=\"Entdecker Blog\" \/>\n<meta property=\"article:publisher\" content=\"https:\/\/de-de.facebook.com\/travelworks\" \/>\n<meta property=\"article:modified_time\" content=\"2025-09-16T07:51:38+00:00\" \/>\n<meta name=\"twitter:label1\" content=\"Gesch\u00e4tzte Lesezeit\" \/>\n\t<meta name=\"twitter:data1\" content=\"1\u00a0Minute\" \/>\n<script type=\"application\/ld+json\" class=\"yoast-schema-graph\">{\"@context\":\"https:\\\/\\\/schema.org\",\"@graph\":[{\"@type\":\"WebPage\",\"@id\":\"https:\\\/\\\/www.travelworks.de\\\/blog\\\/reisearten\\\/bildungsurlaub.html\",\"url\":\"https:\\\/\\\/www.travelworks.de\\\/blog\\\/reisearten\\\/bildungsurlaub.html\",\"name\":\"Bildungsurlaub - Entdecker Blog\",\"isPartOf\":{\"@id\":\"https:\\\/\\\/www.travelworks.de\\\/blog\\\/#website\"},\"datePublished\":\"2025-08-20T14:46:38+00:00\",\"dateModified\":\"2025-09-16T07:51:38+00:00\",\"breadcrumb\":{\"@id\":\"https:\\\/\\\/www.travelworks.de\\\/blog\\\/reisearten\\\/bildungsurlaub.html#breadcrumb\"},\"inLanguage\":\"de\",\"potentialAction\":[{\"@type\":\"ReadAction\",\"target\":[\"https:\\\/\\\/www.travelworks.de\\\/blog\\\/reisearten\\\/bildungsurlaub.html\"]}]},{\"@type\":\"BreadcrumbList\",\"@id\":\"https:\\\/\\\/www.travelworks.de\\\/blog\\\/reisearten\\\/bildungsurlaub.html#breadcrumb\",\"itemListElement\":[{\"@type\":\"ListItem\",\"position\":1,\"name\":\"Start\",\"item\":\"https:\\\/\\\/www.travelworks.de\\\/blog\\\/\"},{\"@type\":\"ListItem\",\"position\":2,\"name\":\"Reisearten\",\"item\":\"https:\\\/\\\/www.travelworks.de\\\/blog\\\/reisearten.html\"},{\"@type\":\"ListItem\",\"position\":3,\"name\":\"Bildungsurlaub\"}]},{\"@type\":\"WebSite\",\"@id\":\"https:\\\/\\\/www.travelworks.de\\\/blog\\\/#website\",\"url\":\"https:\\\/\\\/www.travelworks.de\\\/blog\\\/\",\"name\":\"Entdecker Blog\",\"description\":\"by TravelWorks\",\"publisher\":{\"@id\":\"https:\\\/\\\/www.travelworks.de\\\/blog\\\/#organization\"},\"potentialAction\":[{\"@type\":\"SearchAction\",\"target\":{\"@type\":\"EntryPoint\",\"urlTemplate\":\"https:\\\/\\\/www.travelworks.de\\\/blog\\\/?s={search_term_string}\"},\"query-input\":{\"@type\":\"PropertyValueSpecification\",\"valueRequired\":true,\"valueName\":\"search_term_string\"}}],\"inLanguage\":\"de\"},{\"@type\":\"Organization\",\"@id\":\"https:\\\/\\\/www.travelworks.de\\\/blog\\\/#organization\",\"name\":\"Travelplus Group GmbH\",\"url\":\"https:\\\/\\\/www.travelworks.de\\\/blog\\\/\",\"logo\":{\"@type\":\"ImageObject\",\"inLanguage\":\"de\",\"@id\":\"https:\\\/\\\/www.travelworks.de\\\/blog\\\/#\\\/schema\\\/logo\\\/image\\\/\",\"url\":\"https:\\\/\\\/www.travelworks.de\\\/blog\\\/wp-content\\\/uploads\\\/2023\\\/02\\\/TravelWorks-Logo-farbig_pfad_0-20-100-0.png\",\"contentUrl\":\"https:\\\/\\\/www.travelworks.de\\\/blog\\\/wp-content\\\/uploads\\\/2023\\\/02\\\/TravelWorks-Logo-farbig_pfad_0-20-100-0.png\",\"width\":6503,\"height\":1090,\"caption\":\"Travelplus Group GmbH\"},\"image\":{\"@id\":\"https:\\\/\\\/www.travelworks.de\\\/blog\\\/#\\\/schema\\\/logo\\\/image\\\/\"},\"sameAs\":[\"https:\\\/\\\/de-de.facebook.com\\\/travelworks\"]}]}<\/script>\n<!-- \/ Yoast SEO plugin. -->","yoast_head_json":{"title":"Bildungsurlaub - Entdecker Blog","robots":{"index":"index","follow":"follow","max-snippet":"max-snippet:-1","max-image-preview":"max-image-preview:large","max-video-preview":"max-video-preview:-1"},"canonical":"https:\/\/www.travelworks.de\/blog\/reisearten\/bildungsurlaub.html","og_locale":"de_DE","og_type":"article","og_title":"Bildungsurlaub - Entdecker Blog","og_description":"Beim Bildungsurlaub kombinierst du Weiterbildung mit Reisen. Ob Sprachkurs, interkulturelles Training oder berufliche Fortbildung \u2013 du nutzt deine freie Zeit, um Neues zu lernen und dabei Land und Leute kennenzulernen.Hier erwarten dich Erfahrungsberichte, Tipps und Empfehlungen von Teilnehmenden und TravelWorks-Mitarbeiterinnen, die dir Inspiration f\u00fcr deine eigene Reise geben.","og_url":"https:\/\/www.travelworks.de\/blog\/reisearten\/bildungsurlaub.html","og_site_name":"Entdecker Blog","article_publisher":"https:\/\/de-de.facebook.com\/travelworks","article_modified_time":"2025-09-16T07:51:38+00:00","twitter_misc":{"Gesch\u00e4tzte Lesezeit":"1\u00a0Minute"},"schema":{"@context":"https:\/\/schema.org","@graph":[{"@type":"WebPage","@id":"https:\/\/www.travelworks.de\/blog\/reisearten\/bildungsurlaub.html","url":"https:\/\/www.travelworks.de\/blog\/reisearten\/bildungsurlaub.html","name":"Bildungsurlaub - Entdecker Blog","isPartOf":{"@id":"https:\/\/www.travelworks.de\/blog\/#website"},"datePublished":"2025-08-20T14:46:38+00:00","dateModified":"2025-09-16T07:51:38+00:00","breadcrumb":{"@id":"https:\/\/www.travelworks.de\/blog\/reisearten\/bildungsurlaub.html#breadcrumb"},"inLanguage":"de","potentialAction":[{"@type":"ReadAction","target":["https:\/\/www.travelworks.de\/blog\/reisearten\/bildungsurlaub.html"]}]},{"@type":"BreadcrumbList","@id":"https:\/\/www.travelworks.de\/blog\/reisearten\/bildungsurlaub.html#breadcrumb","itemListElement":[{"@type":"ListItem","position":1,"name":"Start","item":"https:\/\/www.travelworks.de\/blog\/"},{"@type":"ListItem","position":2,"name":"Reisearten","item":"https:\/\/www.travelworks.de\/blog\/reisearten.html"},{"@type":"ListItem","position":3,"name":"Bildungsurlaub"}]},{"@type":"WebSite","@id":"https:\/\/www.travelworks.de\/blog\/#website","url":"https:\/\/www.travelworks.de\/blog\/","name":"Entdecker Blog","description":"by TravelWorks","publisher":{"@id":"https:\/\/www.travelworks.de\/blog\/#organization"},"potentialAction":[{"@type":"SearchAction","target":{"@type":"EntryPoint","urlTemplate":"https:\/\/www.travelworks.de\/blog\/?s={search_term_string}"},"query-input":{"@type":"PropertyValueSpecification","valueRequired":true,"valueName":"search_term_string"}}],"inLanguage":"de"},{"@type":"Organization","@id":"https:\/\/www.travelworks.de\/blog\/#organization","name":"Travelplus Group GmbH","url":"https:\/\/www.travelworks.de\/blog\/","logo":{"@type":"ImageObject","inLanguage":"de","@id":"https:\/\/www.travelworks.de\/blog\/#\/schema\/logo\/image\/","url":"https:\/\/www.travelworks.de\/blog\/wp-content\/uploads\/2023\/02\/TravelWorks-Logo-farbig_pfad_0-20-100-0.png","contentUrl":"https:\/\/www.travelworks.de\/blog\/wp-content\/uploads\/2023\/02\/TravelWorks-Logo-farbig_pfad_0-20-100-0.png","width":6503,"height":1090,"caption":"Travelplus Group GmbH"},"image":{"@id":"https:\/\/www.travelworks.de\/blog\/#\/schema\/logo\/image\/"},"sameAs":["https:\/\/de-de.facebook.com\/travelworks"]}]}},"_links":{"self":[{"href":"https:\/\/www.travelworks.de\/blog\/wp-json\/wp\/v2\/pages\/14208","targetHints":{"allow":["GET"]}}],"collection":[{"href":"https:\/\/www.travelworks.de\/blog\/wp-json\/wp\/v2\/pages"}],"about":[{"href":"https:\/\/www.travelworks.de\/blog\/wp-json\/wp\/v2\/types\/page"}],"author":[{"embeddable":true,"href":"https:\/\/www.travelworks.de\/blog\/wp-json\/wp\/v2\/users\/23"}],"replies":[{"embeddable":true,"href":"https:\/\/www.travelworks.de\/blog\/wp-json\/wp\/v2\/comments?post=14208"}],"version-history":[{"count":2,"href":"https:\/\/www.travelworks.de\/blog\/wp-json\/wp\/v2\/pages\/14208\/revisions"}],"predecessor-version":[{"id":14631,"href":"https:\/\/www.travelworks.de\/blog\/wp-json\/wp\/v2\/pages\/14208\/revisions\/14631"}],"up":[{"embeddable":true,"href":"https:\/\/www.travelworks.de\/blog\/wp-json\/wp\/v2\/pages\/14182"}],"wp:attachment":[{"href":"https:\/\/www.travelworks.de\/blog\/wp-json\/wp\/v2\/media?parent=14208"}],"curies":[{"name":"wp","href":"https:\/\/api.w.org\/{rel}","templated":true}]}}